{"id":671,"date":"2016-07-22T08:43:19","date_gmt":"2016-07-22T08:43:19","guid":{"rendered":"http:\/\/www.foundspot.com\/corp\/fr\/politica-de-cookies\/"},"modified":"2024-04-08T07:21:24","modified_gmt":"2024-04-08T07:21:24","slug":"cookies","status":"publish","type":"page","link":"https:\/\/www.foundspot.com\/fr\/cookies\/","title":{"rendered":"Politique de cookies"},"content":{"rendered":"\n<h2 class=\"wp-block-heading\">1. UTILISATION DES COOKIE<\/h2>\n\n\n\n<p>Ce site web utilise ses propres cookies et ceux de tiers pour faciliter votre navigation sur la plateforme et conna\u00eetre vos habitudes de navigation.<\/p>\n\n\n\n<p>L&rsquo;objectif de cette politique est d&rsquo;informer les parties int\u00e9ress\u00e9es sur les cookies utilis\u00e9s par ce site web, conform\u00e9ment \u00e0 la loi 34\/2002 du 11 juillet sur les services de la soci\u00e9t\u00e9 de l&rsquo;information et du commerce \u00e9lectronique, ainsi qu&rsquo;au r\u00e8glement (UE) 2016\/679 du Parlement europ\u00e9en et du Conseil du 27 avril 2016.<\/p>\n\n\n\n<h3 class=\"wp-block-heading\">QU&rsquo;EST-CE QUE LES COOKIES?<\/h3>\n\n\n\n<p>Les cookies sont des fichiers t\u00e9l\u00e9charg\u00e9s sur votre ordinateur, smartphone ou tablette lorsque vous acc\u00e9dez \u00e0 certaines pages web, stockant et r\u00e9cup\u00e9rant des informations lors de votre navigation. L&rsquo;utilisation de cookies pr\u00e9sente de nombreux avantages dans la fourniture de services de la soci\u00e9t\u00e9 de l&rsquo;information, notamment:<\/p>\n\n\n\n<ol class=\"wp-block-list\" style=\"list-style-type:lower-alpha\">\n<li>facilite la navigation de l&rsquo;utilisateur sur le site web;<\/li>\n\n\n\n<li>facilite l&rsquo;acc\u00e8s de l&rsquo;utilisateur aux diff\u00e9rents services propos\u00e9s par le site web;<\/li>\n\n\n\n<li>\u00e9vite \u00e0 l&rsquo;utilisateur de r\u00e9initialiser les caract\u00e9ristiques g\u00e9n\u00e9rales pr\u00e9d\u00e9finies \u00e0 chaque acc\u00e8s au site web;<\/li>\n\n\n\n<li>favorise l&rsquo;am\u00e9lioration du fonctionnement et des services fournis via le site web, apr\u00e8s l&rsquo;analyse correspondante des informations obtenues via les cookies install\u00e9s;<\/li>\n\n\n\n<li>permet \u00e0 un site web, entre autres, de stocker et r\u00e9cup\u00e9rer des informations sur les habitudes de navigation d&rsquo;un utilisateur ou de son \u00e9quipement, et, en fonction des informations qu&rsquo;ils contiennent et de la mani\u00e8re dont vous utilisez votre \u00e9quipement, ils peuvent \u00eatre utilis\u00e9s pour reconna\u00eetre l&rsquo;utilisateur.<\/li>\n<\/ol>\n\n\n\n<p>La plupart des navigateurs acceptent les cookies comme une norme et, ind\u00e9pendamment de ceux-ci, permettent ou emp\u00eachent dans les param\u00e8tres de s\u00e9curit\u00e9 les cookies temporaires ou stock\u00e9s. Veuillez noter que pour pouvoir utiliser et b\u00e9n\u00e9ficier d&rsquo;une meilleure exp\u00e9rience de navigation, il est n\u00e9cessaire d&rsquo;avoir activ\u00e9 les cookies, en particulier ceux de nature technique n\u00e9cessaires pour vous identifier en tant qu&rsquo;utilisateur enregistr\u00e9 chaque fois que vous acc\u00e9dez \u00e0 ce site web. Si vous ne souhaitez pas recevoir de cookies, vous pouvez configurer votre navigateur Internet pour les supprimer de votre disque dur, les bloquer ou vous avertir de leur installation si n\u00e9cessaire.<\/p>\n\n\n\n<h3 class=\"wp-block-heading\">QUELS TYPES DE COOKIES CE SITE WEB UTILISE-T-IL?<\/h3>\n\n\n\n<p>Afin de vous fournir autant d&rsquo;informations que possible, nous commen\u00e7ons par classer les cookies en fonction de plusieurs cat\u00e9gories:<\/p>\n\n\n\n<h4 class=\"wp-block-heading\">Types de cookies selon l&rsquo;entit\u00e9 qui les g\u00e8re:<\/h4>\n\n\n\n<ol class=\"wp-block-list\" style=\"list-style-type:lower-alpha\">\n<li><strong>Cookies propri\u00e9taires:<\/strong> Ce sont ceux qui sont envoy\u00e9s \u00e0 l&rsquo;appareil terminal de l&rsquo;utilisateur depuis un \u00e9quipement ou domaine g\u00e9r\u00e9 par l&rsquo;\u00e9diteur lui-m\u00eame et \u00e0 partir duquel le service demand\u00e9 par l&rsquo;utilisateur est fourni.<\/li>\n\n\n\n<li><strong>Cookies tiers:<\/strong> Ce sont ceux qui sont envoy\u00e9s \u00e0 l&rsquo;appareil terminal de l&rsquo;utilisateur depuis un \u00e9quipement ou domaine qui n&rsquo;est pas g\u00e9r\u00e9 par l&rsquo;\u00e9diteur, mais par une autre entit\u00e9 qui traite les donn\u00e9es obtenues via les cookies.<\/li>\n<\/ol>\n\n\n\n<h4 class=\"wp-block-heading\">Types de cookies en fonction de leur finalit\u00e9:<\/h4>\n\n\n\n<ol class=\"wp-block-list\" style=\"list-style-type:lower-alpha\">\n<li><strong>Cookies techniques:<\/strong> Ce sont ceux qui permettent \u00e0 l&rsquo;utilisateur de naviguer sur un site web, une plateforme ou une application et d&rsquo;utiliser les diff\u00e9rentes options ou services qui y existent, y compris ceux que l&rsquo;\u00e9diteur utilise pour permettre la gestion et le fonctionnement du site web et activer ses fonctions et services, tels que le contr\u00f4le du trafic et de la communication de donn\u00e9es, l&rsquo;identification de la session, l&rsquo;acc\u00e8s aux parties \u00e0 acc\u00e8s restreint, le processus d&rsquo;achat, le stockage de contenus, la diffusion de vid\u00e9os ou de sons, l&rsquo;activation de contenus dynamiques, etc.).<\/li>\n\n\n\n<li><strong>Cookies de pr\u00e9f\u00e9rences ou de personnalisation:<\/strong> Ce sont ceux qui permettent de se souvenir d&rsquo;informations pour que l&rsquo;utilisateur acc\u00e8de au service avec certaines caract\u00e9ristiques qui peuvent diff\u00e9rencier son exp\u00e9rience de celle des autres utilisateurs, telles que la langue, le nombre de r\u00e9sultats \u00e0 afficher lorsqu&rsquo;un utilisateur effectue une recherche, etc.<\/li>\n\n\n\n<li><strong>Cookies d&rsquo;analyse ou de mesure:<\/strong> Ce sont ceux qui permettent au responsable de les suivre et d&rsquo;analyser le comportement des utilisateurs des sites web auxquels ils sont li\u00e9s, y compris la quantification des impacts publicitaires.<\/li>\n\n\n\n<li><strong>Cookies publicitaires comportementales:<\/strong> Ce sont ceux qui stockent des informations sur le comportement des utilisateurs obtenues par l&rsquo;observation continue de leurs habitudes de navigation, ce qui permet de d\u00e9velopper un profil sp\u00e9cifique pour afficher de la publicit\u00e9 en fonction de celui-ci.<\/li>\n<\/ol>\n\n\n\n<h4 class=\"wp-block-heading\">Types de cookies en fonction de la dur\u00e9e pendant laquelle ils restent activ\u00e9s:<\/h4>\n\n\n\n<ol class=\"wp-block-list\" style=\"list-style-type:lower-alpha\">\n<li><strong>Cookies de session:<\/strong> Ce sont celles con\u00e7ues pour collecter et stocker des donn\u00e9es pendant que l&rsquo;utilisateur acc\u00e8de \u00e0 un site web. Elles sont g\u00e9n\u00e9ralement utilis\u00e9es pour stocker des informations qui n&rsquo;int\u00e9ressent que pour la prestation du service demand\u00e9 par l&rsquo;utilisateur en une seule occasion (par exemple, une liste de produits achet\u00e9s) et disparaissent \u00e0 la fin de la session.<\/li>\n\n\n\n<li><strong>Cookies persistantes:<\/strong> Ce sont celles dans lesquelles les donn\u00e9es restent stock\u00e9es sur le terminal et peuvent \u00eatre consult\u00e9es et trait\u00e9es pendant une p\u00e9riode d\u00e9finie par le responsable du cookie, qui peut aller de quelques minutes \u00e0 plusieurs ann\u00e9es.<\/li>\n<\/ol>\n\n\n\n<p>Ensuite, nous d\u00e9taillons la liste des cookies que nous utilisons:<\/p>\n\n\n\n<div class=\"cky-audit-table-element\"><\/div>\n\n\n\n<p>Le portail d\u00e9tenu par FOUNDSPOT S.L. peut contenir des liens vers des sites web tiers, dont les politiques de confidentialit\u00e9 sont ind\u00e9pendantes de celles de FOUNDSPOT S.L. En acc\u00e9dant \u00e0 ces sites web, vous pouvez d\u00e9cider d&rsquo;accepter leurs politiques de confidentialit\u00e9 et de cookies. En g\u00e9n\u00e9ral, si vous naviguez sur Internet, vous pouvez accepter ou refuser les cookies tiers depuis les options de configuration de votre navigateur. FOUNDSPOT SL n&rsquo;est en aucun cas responsable du contenu ni de la v\u00e9racit\u00e9 des politiques et\/ou conditions d&rsquo;utilisation et de confidentialit\u00e9 des tiers.<\/p>\n\n\n\n<h2 class=\"wp-block-heading\">2. CONSENTEMENT<\/h2>\n\n\n\n<p>En ce qui concerne l&rsquo;utilisation des cookies de ce site web, l&rsquo;utilisateur autorise et consent \u00e0 leur utilisation de la mani\u00e8re suivante:<\/p>\n\n\n\n<p>Lorsque l&rsquo;utilisateur acc\u00e8de \u00e0 n&rsquo;importe quelle page du site web, il voit un avertissement indiquant que le site web de FOUNDSPOT S.L. utilise des cookies, l&rsquo;utilisateur pouvant les accepter, les refuser ou les configurer. En cliquant sur accepter, vous acceptez l&rsquo;utilisation de nos cookies et, le cas \u00e9ch\u00e9ant, de ceux de tiers. \u00c0 cet effet, nous vous informons que le panneau de configuration permet la possibilit\u00e9 de les accepter ou de les refuser par type.<\/p>\n\n\n\n<h2 class=\"wp-block-heading\">3. DUR\u00c9E OU CRIT\u00c8RES DE CONSERVATION DES DONN\u00c9ES<\/h2>\n\n\n\n<p>Les donn\u00e9es obtenues par le biais de l&rsquo;utilisation des cookies que vous avez s\u00e9lectionn\u00e9s seront conserv\u00e9es pendant le temps n\u00e9cessaire pour atteindre les finalit\u00e9s pour lesquelles elles ont \u00e9t\u00e9 collect\u00e9es, ainsi que pendant la p\u00e9riode indiqu\u00e9e dans la section <em>\u00abQU\u00c9 TIPOS DE COOKIES UTILIZA ESTA P\u00c1GINA WEB\u00bb<\/em> de la pr\u00e9sente politique, pour chacun des cookies install\u00e9s sur le dispositif.<\/p>\n\n\n\n<h2 class=\"wp-block-heading\">4. COMMENT BLOQUER, R\u00c9VOQUER OU SUPPRIMER LES COOKIES INSTALL\u00c9ES?<\/h2>\n\n\n\n<p>Vous pouvez autoriser, bloquer ou supprimer les cookies install\u00e9s sur votre \u00e9quipement en configurant les options de votre navigateur. Vous pouvez trouver des informations sur la mani\u00e8re de le faire, en ce qui concerne les navigateurs les plus courants, aux liens inclus ci-dessous:<\/p>\n\n\n\n<ul class=\"wp-block-list\">\n<li>Chrome: <a href=\"https:\/\/support.google.com\/chrome\/answer\/95647?hl=fr\" target=\"_blank\" rel=\"noreferrer noopener\">https:\/\/support.google.com\/chrome\/answer\/95647?hl=fr<\/a><\/li>\n\n\n\n<li>Explorer: <a href=\"https:\/\/support.microsoft.com\/fr-fr\/kb\/278835\" target=\"_blank\" rel=\"noreferrer noopener\">https:\/\/support.microsoft.com\/fr-fr\/kb\/278835<\/a><\/li>\n\n\n\n<li>Firefox: <a href=\"https:\/\/support.mozilla.org\/fr\/kb\/effacer-cookies-donnees-site-firefox\" target=\"_blank\" rel=\"noreferrer noopener\">https:\/\/support.mozilla.org\/fr\/kb\/effacer-cookies-donnees-site-firefox<\/a><\/li>\n\n\n\n<li>Safari: <a href=\"https:\/\/support.apple.com\/kb\/ph5042\" target=\"_blank\" rel=\"noreferrer noopener\">https:\/\/support.apple.com\/kb\/ph5042<\/a><\/li>\n<\/ul>\n\n\n\n<p>Nous vous informons cependant que la d\u00e9sactivation de certains cookies peut emp\u00eacher ou entraver la navigation ou la fourniture des services propos\u00e9s sur le site web.<\/p>\n\n\n\n<h2 class=\"wp-block-heading\">5. OUTILS DU SITE WEB<\/h2>\n\n\n\n<h3 class=\"wp-block-heading\">Hubspot<\/h3>\n\n\n\n<p>Nous utilisons Hubspot pour am\u00e9liorer l&rsquo;exp\u00e9rience utilisateur et pour vous offrir un contenu personnalis\u00e9. Pour plus d&rsquo;informations, vous pouvez consulter la politique de confidentialit\u00e9 de notre fournisseur en cliquant <a href=\"https:\/\/legal.hubspot.com\/fr\/privacy-policy\" target=\"_blank\" rel=\"noreferrer noopener\">ici<\/a>.<\/p>\n\n\n\n<h2 class=\"wp-block-heading\">6. DESTINATAIRES DE L&rsquo;INFORMATION<\/h2>\n\n\n\n<p>Nous vous informons que les fournisseurs mentionn\u00e9s dans la pr\u00e9sente politique ont acc\u00e8s aux informations obtenues via les cookies du site web. De m\u00eame, nous vous informons que certains de nos fournisseurs et\/ou partenaires peuvent effectuer des transferts vers des pays tiers. \u00c0 cet \u00e9gard, nous vous recommandons de consulter leurs politiques de confidentialit\u00e9 respectives, accessibles via les liens fournis dans la liste des cookies ci-dessus.<\/p>\n\n\n\n<h2 class=\"wp-block-heading\">7. MISE \u00c0 JOUR DE LA POLITIQUE DE COOKIES<\/h2>\n\n\n\n<p>La pr\u00e9sente politique de cookies peut \u00eatre modifi\u00e9e\/mise \u00e0 jour en fonction des exigences l\u00e9gales \u00e9tablies ou dans le but d&rsquo;adapter ladite politique aux instructions dict\u00e9es par l&rsquo;Agence espagnole de protection des donn\u00e9es ou de mettre \u00e0 jour notre site web. Pour cette raison, nous conseillons aux utilisateurs de consulter r\u00e9guli\u00e8rement notre politique de cookies. Si vous avez des doutes concernant cette politique de cookies, vous pouvez contacter FOUNDSPOT SL via l&rsquo;adresse e-mail suivante <a href=\"mailto:info@foundspot.com\">info@foundspot.com<\/a>.<\/p>\n\n\n\n<p>Pour obtenir des informations suppl\u00e9mentaires sur le traitement de vos donn\u00e9es personnelles, veuillez consulter notre <a href=\"https:\/\/test.www.foundspot.com\/\/fr\/politique-confidentialite\/\" target=\"_blank\" rel=\"noreferrer noopener\">Politique de confidentialit\u00e9<\/a>.<\/p>\n","protected":false},"excerpt":{"rendered":"<p>1. UTILISATION DES COOKIE Ce site web utilise ses propres cookies et ceux de tiers pour faciliter votre navigation sur la plateforme et conna\u00eetre vos habitudes de navigation. L&rsquo;objectif de cette politique est d&rsquo;informer les parties int\u00e9ress\u00e9es sur les cookies utilis\u00e9s par ce site web, conform\u00e9ment \u00e0 la loi 34\/2002 du 11 juillet sur les&hellip;<\/p>\n","protected":false},"author":1,"featured_media":0,"parent":0,"menu_order":0,"comment_status":"closed","ping_status":"closed","template":"","meta":{"content-type":"","footnotes":""},"class_list":["post-671","page","type-page","status-publish","hentry","description-off"],"_links":{"self":[{"href":"https:\/\/www.foundspot.com\/fr\/wp-json\/wp\/v2\/pages\/671","targetHints":{"allow":["GET"]}}],"collection":[{"href":"https:\/\/www.foundspot.com\/fr\/wp-json\/wp\/v2\/pages"}],"about":[{"href":"https:\/\/www.foundspot.com\/fr\/wp-json\/wp\/v2\/types\/page"}],"author":[{"embeddable":true,"href":"https:\/\/www.foundspot.com\/fr\/wp-json\/wp\/v2\/users\/1"}],"replies":[{"embeddable":true,"href":"https:\/\/www.foundspot.com\/fr\/wp-json\/wp\/v2\/comments?post=671"}],"version-history":[{"count":5,"href":"https:\/\/www.foundspot.com\/fr\/wp-json\/wp\/v2\/pages\/671\/revisions"}],"predecessor-version":[{"id":3588,"href":"https:\/\/www.foundspot.com\/fr\/wp-json\/wp\/v2\/pages\/671\/revisions\/3588"}],"wp:attachment":[{"href":"https:\/\/www.foundspot.com\/fr\/wp-json\/wp\/v2\/media?parent=671"}],"curies":[{"name":"wp","href":"https:\/\/api.w.org\/{rel}","templated":true}]}}