{"id":597,"date":"2016-07-04T11:45:59","date_gmt":"2016-07-04T11:45:59","guid":{"rendered":"http:\/\/www.foundspot.com\/corp\/fr\/hello\/"},"modified":"2016-10-04T06:50:58","modified_gmt":"2016-10-04T06:50:58","slug":"hello","status":"publish","type":"page","link":"https:\/\/www.foundspot.com\/fr\/hello\/","title":{"rendered":"hello"},"content":{"rendered":"<div class=\"wpb-content-wrapper\"><p>[vc_row][vc_column][vc_column_text]<\/p>\n<h3><strong>SALUT LES FOUNDERS!<\/strong><\/h3>\n<p style=\"text-align: justify;\">Foundspot vient de na\u00eetre ! Son objectif est de mettre en relation des personnes du monde entier et de les aider \u00e0 retrouver leurs objets ou animaux de compagnie perdus.<\/p>\n<p>Gr\u00e2ce \u00e0 vos dons, vous verrez bient\u00f4t les progr\u00e8s des projets sociaux avec lesquels nous travaillons\u00a0![\/vc_column_text][\/vc_column][\/vc_row]<\/p>\n<\/div>","protected":false},"excerpt":{"rendered":"<p>[vc_row][vc_column][vc_column_text] SALUT LES FOUNDERS! Foundspot vient de na\u00eetre ! Son objectif est de mettre en relation des personnes du monde entier et de les aider \u00e0 retrouver leurs objets ou animaux de compagnie perdus. Gr\u00e2ce \u00e0 vos dons, vous verrez bient\u00f4t les progr\u00e8s des projets sociaux avec lesquels nous travaillons\u00a0![\/vc_column_text][\/vc_column][\/vc_row]<\/p>\n","protected":false},"author":1,"featured_media":0,"parent":0,"menu_order":0,"comment_status":"closed","ping_status":"closed","template":"","meta":{"content-type":"","footnotes":""},"class_list":["post-597","page","type-page","status-publish","hentry","description-off"],"_links":{"self":[{"href":"https:\/\/www.foundspot.com\/fr\/wp-json\/wp\/v2\/pages\/597","targetHints":{"allow":["GET"]}}],"collection":[{"href":"https:\/\/www.foundspot.com\/fr\/wp-json\/wp\/v2\/pages"}],"about":[{"href":"https:\/\/www.foundspot.com\/fr\/wp-json\/wp\/v2\/types\/page"}],"author":[{"embeddable":true,"href":"https:\/\/www.foundspot.com\/fr\/wp-json\/wp\/v2\/users\/1"}],"replies":[{"embeddable":true,"href":"https:\/\/www.foundspot.com\/fr\/wp-json\/wp\/v2\/comments?post=597"}],"version-history":[{"count":1,"href":"https:\/\/www.foundspot.com\/fr\/wp-json\/wp\/v2\/pages\/597\/revisions"}],"predecessor-version":[{"id":598,"href":"https:\/\/www.foundspot.com\/fr\/wp-json\/wp\/v2\/pages\/597\/revisions\/598"}],"wp:attachment":[{"href":"https:\/\/www.foundspot.com\/fr\/wp-json\/wp\/v2\/media?parent=597"}],"curies":[{"name":"wp","href":"https:\/\/api.w.org\/{rel}","templated":true}]}}