{"id":5060,"date":"2025-12-18T11:41:34","date_gmt":"2025-12-18T11:41:34","guid":{"rendered":"https:\/\/www.foundspot.com\/legal-notice\/"},"modified":"2025-12-18T11:49:24","modified_gmt":"2025-12-18T11:49:24","slug":"legal-notice","status":"publish","type":"page","link":"https:\/\/www.foundspot.com\/fr\/legal-notice\/","title":{"rendered":"Mentions l\u00e9gales"},"content":{"rendered":"\n<p>Conform\u00e9ment aux dispositions de la loi 34\/2002, du 11 juillet, sur les services de la soci\u00e9t\u00e9 de l&rsquo;information et du commerce \u00e9lectronique, les informations suivantes sont fournies :<\/p>\n\n\n\n<ol class=\"wp-block-list\">\n<li>DONN\u00c9ES D&rsquo;IDENTIFICATION<br>Vous visitez le site web appartenant https:\/\/www.foundspot.com FOUNDSPOT SL, dont le si\u00e8ge social est situ\u00e9 C\/ Alameda, 22 (28014) Madrid, avec NIF B87946877, inscrite au registre du commerce de Madrid au volume 36537, folio 15, inscription 2 avec la page M-656256 ci-apr\u00e8s LE PROPRI\u00c9TAIRE.<\/li>\n<\/ol>\n\n\n\n<p>Vous pouvez contacter le Titulaire du compte par l&rsquo;un des moyens suivants :<\/p>\n\n\n\n<p>SITE WEB : www.foundspot.com<\/p>\n\n\n\n<p>Courriel de contact : info@foundspot.com<\/p>\n\n\n\n<ol start=\"2\" class=\"wp-block-list\">\n<li>UTILISATEURS<br>Nous vous informons par la pr\u00e9sente des termes et conditions qui r\u00e9gissent l&rsquo;utilisation du site web et\/ou de l&rsquo;application du Propri\u00e9taire, ainsi que des services et contenus associ\u00e9s. Une telle utilisation implique l&rsquo;acquisition du statut d&rsquo;\u00ab utilisateur \u00bb et, \u00e0 cette condition, une s\u00e9rie de droits et d&rsquo; obligations.<\/li>\n<\/ol>\n\n\n\n<p>Aux fins d\u00e9crites ci-dessus, nous vous informons qu&rsquo;il est de votre responsabilit\u00e9 d&rsquo;acc\u00e9der aux conditions l\u00e9gales ins\u00e9r\u00e9es dans ce site web, ainsi qu&rsquo;aux politiques de confidentialit\u00e9, aux cookies ou, le cas \u00e9ch\u00e9ant, aux conditions de vente et de les lire attentivement. Recommander:<\/p>\n\n\n\n<p>De les visiter chaque fois que vous avez l&rsquo;intention d&rsquo;acc\u00e9der ou d&rsquo;utiliser les services et contenus du site et<br>Pour imprimer ou stocker une copie sur votre syst\u00e8me.<\/p>\n\n\n\n<ol start=\"3\" class=\"wp-block-list\">\n<li>UTILISATION DU PORTAIL<br>Ce site web permet d&rsquo;acc\u00e9der \u00e0 une multitude d&rsquo;informations, de services, de programmes ou de donn\u00e9es (ci-apr\u00e8s, \u00ab les contenus \u00bb) sur Internet appartenant au propri\u00e9taire ou \u00e0 ses conc\u00e9dants de licence auxquels l&rsquo;utilisateur peut avoir acc\u00e8s.<\/li>\n<\/ol>\n\n\n\n<p>L&rsquo;utilisateur assume la responsabilit\u00e9 de l&rsquo;utilisation du portail dans les conditions \u00e9tablies dans les pr\u00e9sentes. Cette responsabilit\u00e9 s&rsquo;\u00e9tend \u00e0 l&rsquo;inscription n\u00e9cessaire pour acc\u00e9der \u00e0 certains services ou contenus. Lors de cette inscription, l&rsquo;utilisateur sera responsable de fournir des informations v\u00e9ridiques et l\u00e9gales. \u00c0 la suite de cette inscription, l&rsquo;utilisateur pourra recevoir un mot de passe dont il sera \u00e9galement responsable, en s&rsquo;engageant \u00e0 en faire un usage diligent et confidentiel.<\/p>\n\n\n\n<p>L&rsquo;Utilisateur s&rsquo;engage \u00e0 faire un usage appropri\u00e9 des contenus et des services (par exemple, les services de chat, les forums de discussion ou les groupes de discussion) que le Propri\u00e9taire propose par le biais de son portail et, y compris, mais sans s&rsquo;y limiter, \u00e0 ne pas les utiliser pour :<\/p>\n\n\n\n<p>\u25cf Se livrer \u00e0 des activit\u00e9s illicites, ill\u00e9gales ou contraires \u00e0 la bonne foi et \u00e0 l&rsquo;ordre public.<\/p>\n\n\n\n<p>\u25cf Diffuser des contenus ou de la propagande racistes, x\u00e9nophobes, pornographiques-ill\u00e9gaux, faisant l&rsquo;apologie du terrorisme ou violant les droits de l&rsquo;homme.<\/p>\n\n\n\n<p>\u25cf Causer des dommages aux syst\u00e8mes physiques et logiques du Propri\u00e9taire, de ses fournisseurs ou de tiers, en introduisant ou en diffusant des virus informatiques ou tout autre syst\u00e8me physique ou logique susceptible de causer les dommages susmentionn\u00e9s sur le r\u00e9seau.<\/p>\n\n\n\n<p>\u25cf Tenter d&rsquo;acc\u00e9der et, le cas \u00e9ch\u00e9ant, d&rsquo;utiliser les comptes de messagerie d&rsquo;autres utilisateurs et de modifier ou manipuler leurs messages.<\/p>\n\n\n\n<p>\u25cf Utiliser le site web ou les informations qu&rsquo;il contient \u00e0 des fins commerciales, politiques, publicitaires et \u00e0 toute utilisation commerciale, en particulier dans l&rsquo;envoi de courriers \u00e9lectroniques non sollicit\u00e9s.<\/p>\n\n\n\n<p>Le Propri\u00e9taire se r\u00e9serve le droit de supprimer tous les commentaires et contributions qui violent le respect de la dignit\u00e9 de la personne, qui sont discriminatoires, x\u00e9nophobes, racistes, pornographiques, qui menacent la jeunesse ou les enfants, l&rsquo;ordre public ou la s\u00e9curit\u00e9 ou qui, \u00e0 son avis, ne seront pas adapt\u00e9s \u00e0 la publication. Dans tous les cas, le Propri\u00e9taire ne sera pas responsable des opinions exprim\u00e9es par les utilisateurs par le biais de forums, de chats ou d&rsquo;autres outils de participation.<\/p>\n\n\n\n<ol start=\"4\" class=\"wp-block-list\">\n<li>PROTECTION DES DONN\u00c9ES<br>Tout ce qui concerne le traitement de vos donn\u00e9es personnelles est inclus dans la <a href=\"https:\/\/www.foundspot.com\/fr\/politique-confidentialite\/\">politique de confidentialit\u00e9<\/a>.<br><\/li>\n\n\n\n<li>CONTENU. PROPRI\u00c9T\u00c9 INTELLECTUELLE ET INDUSTRIELLE<br>Le Propri\u00e9taire est propri\u00e9taire de tous les droits de propri\u00e9t\u00e9 intellectuelle et industrielle de son site web, ainsi que des \u00e9l\u00e9ments qu&rsquo;il contient (y compris, mais sans s&rsquo;y limiter : images, photographies, son, audio, vid\u00e9o, logiciels ou textes, marques ou logos, combinaisons de couleurs, structure et design, s\u00e9lection des mat\u00e9riaux utilis\u00e9s, programmes informatiques n\u00e9cessaires \u00e0 son fonctionnement, etc.). l&rsquo;acc\u00e8s et l&rsquo;utilisation, etc.), propri\u00e9t\u00e9 du Propri\u00e9taire ou de ses conc\u00e9dants de licence.<\/li>\n<\/ol>\n\n\n\n<p>Tous droits r\u00e9serv\u00e9s. En vertu des dispositions des articles 8 et 32.1, deuxi\u00e8me alin\u00e9a, de la loi sur la propri\u00e9t\u00e9 intellectuelle, la reproduction, la distribution et la communication publique, y compris le mode de mise \u00e0 disposition, de tout ou partie du contenu de ce site web, \u00e0 des fins commerciales, sur tout support et par tout moyen technique, sont express\u00e9ment interdites. sans l&rsquo;autorisation du Propri\u00e9taire.<\/p>\n\n\n\n<ol start=\"6\" class=\"wp-block-list\">\n<li>EXCLUSION DE GARANTIES ET DE RESPONSABILIT\u00c9<br>L&rsquo;Utilisateur reconna\u00eet que l&rsquo;utilisation du site web et de ses contenus et services s&rsquo;effectue sous sa seule responsabilit\u00e9. Plus pr\u00e9cis\u00e9ment, \u00e0 titre d&rsquo;exemple, le Propri\u00e9taire n&rsquo;assume aucune responsabilit\u00e9 dans les domaines suivants :<\/li>\n<\/ol>\n\n\n\n<p>\u25cf La disponibilit\u00e9 du fonctionnement du site web, de ses services et de son contenu et sa qualit\u00e9 ou interop\u00e9rabilit\u00e9.<\/p>\n\n\n\n<p>\u25cf L&rsquo;objectif pour lequel le site Web sert les objectifs de l&rsquo;utilisateur.<\/p>\n\n\n\n<p>\u25cf La violation de la l\u00e9gislation en vigueur par l&rsquo;utilisateur ou des tiers et, en particulier, des droits de propri\u00e9t\u00e9 intellectuelle et industrielle d\u00e9tenus par d&rsquo;autres personnes ou entit\u00e9s.<\/p>\n\n\n\n<p>\u25cf L&rsquo;existence d&rsquo;un code malveillant ou de tout autre \u00e9l\u00e9ment informatique nuisible qui pourrait provoquer le syst\u00e8me informatique de l&rsquo;Utilisateur ou d&rsquo;un tiers. L&rsquo;entit\u00e9 prend des mesures pour prot\u00e9ger le site web contre les cyberattaques. Cependant, il ne peut pas garantir qu&rsquo;il n&rsquo;y aura pas d&rsquo;acc\u00e8s non autoris\u00e9 par des tiers. Par cons\u00e9quent, il appartient \u00e0 l&rsquo;Utilisateur de disposer d&rsquo;outils ad\u00e9quats pour la d\u00e9tection et la d\u00e9sinfection de ces \u00e9l\u00e9ments.<\/p>\n\n\n\n<p>\u25cf L&rsquo;acc\u00e8s frauduleux \u00e0 des contenus ou \u00e0 des services par des tiers non autoris\u00e9s ou, le cas \u00e9ch\u00e9ant, la capture, la suppression, l&rsquo;alt\u00e9ration, la modification ou la manipulation de messages et de communications de toute nature que ces tiers peuvent faire.<\/p>\n\n\n\n<p>\u25cf Les dommages caus\u00e9s \u00e0 l&rsquo;\u00e9quipement informatique lors de l&rsquo;acc\u00e8s au site web et les dommages caus\u00e9s aux utilisateurs lorsqu&rsquo;ils sont caus\u00e9s par des pannes ou des d\u00e9connexions des r\u00e9seaux de t\u00e9l\u00e9communications qui interrompent le service.<\/p>\n\n\n\n<p>\u25cf Dommages r\u00e9sultant de circonstances r\u00e9sultant d&rsquo;\u00e9v\u00e9nements fortuits ou de force majeure.<\/p>\n\n\n\n<p>Dans le cas o\u00f9 il existe des forums, l&rsquo;utilisation de ceux-ci ou d&rsquo;autres espaces similaires, il faut tenir compte du fait que les messages ne refl\u00e8tent que l&rsquo;opinion de l&rsquo;utilisateur qui les envoie, qui en est seul responsable. En cons\u00e9quence, le Propri\u00e9taire n&rsquo;est pas responsable du contenu des messages envoy\u00e9s par l&rsquo;Utilisateur.<\/p>\n\n\n\n<ol start=\"7\" class=\"wp-block-list\">\n<li>MODIFICATION DES PR\u00c9SENTES MENTIONS L\u00c9GALES ET DUR\u00c9E<br>Le Propri\u00e9taire se r\u00e9serve le droit d&rsquo;apporter toutes les modifications qu&rsquo;il juge appropri\u00e9es \u00e0 son portail sans pr\u00e9avis, et peut modifier, supprimer ou ajouter autant de contenus et de services fournis par son interm\u00e9diaire, ainsi que la mani\u00e8re dont ils sont repr\u00e9sent\u00e9s ou localis\u00e9s sur son portail.<\/li>\n<\/ol>\n\n\n\n<p>La validit\u00e9 des conditions susmentionn\u00e9es d\u00e9pendra de leur exposition et sera en vigueur jusqu&rsquo;\u00e0 ce qu&rsquo;elles soient modifi\u00e9es par d&rsquo;autres d\u00fbment publi\u00e9es.<\/p>\n\n\n\n<ol start=\"8\" class=\"wp-block-list\">\n<li>LIENS<br>Dans le cas o\u00f9 des liens ou des hyperliens vers d&rsquo;autres sites Internet sont inclus dans https:\/\/www.foundspot.com, le Propri\u00e9taire n&rsquo;exercera aucun type de contr\u00f4le sur lesdits sites et contenus ni n&rsquo;assumera aucune responsabilit\u00e9 quant au contenu de tout lien appartenant \u00e0 un site Web tiers, ni ne garantira la disponibilit\u00e9 technique, la qualit\u00e9, la fiabilit\u00e9, la fiabilit\u00e9, l&rsquo;exactitude, l&rsquo;exhaustivit\u00e9, la v\u00e9racit\u00e9, la validit\u00e9 et la constitutionnalit\u00e9 de tout \u00e9l\u00e9ment ou information contenu dans ces hyperliens et autres sites sur Internet. De m\u00eame, l&rsquo;inclusion de ces connexions externes n&rsquo;impliquera aucun type d&rsquo;association, de fusion ou de participation avec les entit\u00e9s li\u00e9es. Nonobstant ce qui pr\u00e9c\u00e8de, si FOUNDSPOT SL a effectivement connaissance que l&rsquo;activit\u00e9 ou les informations auxquelles elle se r\u00e9f\u00e8re ou qu&rsquo;elle recommande sont ill\u00e9gales, ou qu&rsquo;elles endommagent la propri\u00e9t\u00e9 ou les droits d&rsquo;un tiers susceptible d&rsquo;indemnisation, ces donn\u00e9es seront supprim\u00e9es ou le lien correspondant sera d\u00e9sactiv\u00e9.<br><\/li>\n\n\n\n<li>DROITS D&rsquo;EXCLUSION<br>Le Propri\u00e9taire se r\u00e9serve le droit de refuser ou de retirer l&rsquo;acc\u00e8s au portail et\/ou aux services offerts sans pr\u00e9avis, \u00e0 sa propre demande ou \u00e0 celle d&rsquo;un tiers, aux utilisateurs qui ne respectent pas le contenu du pr\u00e9sent avis l\u00e9gal.<br><\/li>\n\n\n\n<li>G\u00c9N\u00c9RALIT\u00c9S<br>Le Propri\u00e9taire poursuivra la violation de ces conditions, ainsi que toute utilisation abusive de son portail, en exer\u00e7ant toutes les actions civiles et p\u00e9nales qui pourraient lui correspondre en vertu de la loi.<br><\/li>\n\n\n\n<li>LOI APPLICABLE ET JURIDICTION<br>La relation entre le Propri\u00e9taire et l&rsquo;Utilisateur sera r\u00e9gie par la r\u00e9glementation espagnole en vigueur. Tous les litiges et r\u00e9clamations d\u00e9coulant du pr\u00e9sent avis juridique seront r\u00e9solus par les tribunaux espagnols comp\u00e9tents en mati\u00e8re de consommateurs et d&rsquo;utilisateurs.<br><\/li>\n\n\n\n<li>MINEURS<br>Ce site Web s&rsquo;adresse aux utilisateurs de plus de 18 ans. Les enfants de moins de cet \u00e2ge ne sont pas autoris\u00e9s \u00e0 utiliser nos services et ne doivent donc pas nous envoyer leurs donn\u00e9es personnelles. Nous vous informons que, si une telle circonstance se produit, le Propri\u00e9taire n&rsquo;est pas responsable des cons\u00e9quences \u00e9ventuelles qui pourraient d\u00e9couler du non-respect de l&rsquo;avis \u00e9tabli dans cette m\u00eame clause.<br><\/li>\n\n\n\n<li>MESURES DE S\u00c9CURIT\u00c9 &#8211; SSL<br>Le Titulaire a contract\u00e9 un certificat SSL (\u00ab Secure Sockets Layer \u00bb) pour son site internet.Ce certificat SSL vous permet de prot\u00e9ger toutes les informations personnelles et confidentielles qui peuvent \u00eatre trait\u00e9es sur un site web, quelles que soient les informations qui sont transmises, telles que, par exemple, de l&rsquo;un des formulaires de contact du site web au serveur ou des donn\u00e9es saisies pour l&rsquo;abonnement aux newsletters, l&rsquo;acc\u00e8s aux zones prot\u00e9g\u00e9es, etc.<\/li>\n<\/ol>\n\n\n\n<p>L&rsquo;adresse du site Web appara\u00eetra en vert, activant le protocole \u00ab https \u00bb qui permet des connexions s\u00e9curis\u00e9es d&rsquo;un serveur Web au navigateur de l&rsquo;utilisateur.<\/p>\n\n\n\n<p>Derni\u00e8re r\u00e9vision le 5 mai 2025<\/p>\n","protected":false},"excerpt":{"rendered":"<p>Conform\u00e9ment aux dispositions de la loi 34\/2002, du 11 juillet, sur les services de la soci\u00e9t\u00e9 de l&rsquo;information et du commerce \u00e9lectronique, les informations suivantes sont fournies : Vous pouvez contacter le Titulaire du compte par l&rsquo;un des moyens suivants : SITE WEB : www.foundspot.com Courriel de contact : info@foundspot.com Aux fins d\u00e9crites ci-dessus, nous&hellip;<\/p>\n","protected":false},"author":1,"featured_media":0,"parent":0,"menu_order":0,"comment_status":"closed","ping_status":"closed","template":"","meta":{"content-type":"","footnotes":""},"class_list":["post-5060","page","type-page","status-publish","hentry","description-off"],"_links":{"self":[{"href":"https:\/\/www.foundspot.com\/fr\/wp-json\/wp\/v2\/pages\/5060","targetHints":{"allow":["GET"]}}],"collection":[{"href":"https:\/\/www.foundspot.com\/fr\/wp-json\/wp\/v2\/pages"}],"about":[{"href":"https:\/\/www.foundspot.com\/fr\/wp-json\/wp\/v2\/types\/page"}],"author":[{"embeddable":true,"href":"https:\/\/www.foundspot.com\/fr\/wp-json\/wp\/v2\/users\/1"}],"replies":[{"embeddable":true,"href":"https:\/\/www.foundspot.com\/fr\/wp-json\/wp\/v2\/comments?post=5060"}],"version-history":[{"count":2,"href":"https:\/\/www.foundspot.com\/fr\/wp-json\/wp\/v2\/pages\/5060\/revisions"}],"predecessor-version":[{"id":5066,"href":"https:\/\/www.foundspot.com\/fr\/wp-json\/wp\/v2\/pages\/5060\/revisions\/5066"}],"wp:attachment":[{"href":"https:\/\/www.foundspot.com\/fr\/wp-json\/wp\/v2\/media?parent=5060"}],"curies":[{"name":"wp","href":"https:\/\/api.w.org\/{rel}","templated":true}]}}