{"id":385,"date":"2016-06-06T11:17:31","date_gmt":"2016-06-06T11:17:31","guid":{"rendered":"http:\/\/www.foundspot.com\/corp\/politica-de-donaciones\/?lang=fr"},"modified":"2016-06-09T15:24:17","modified_gmt":"2016-06-09T15:24:17","slug":"politique-de-dons","status":"publish","type":"page","link":"https:\/\/www.foundspot.com\/fr\/politique-de-dons\/","title":{"rendered":"Politique de dons"},"content":{"rendered":"<p>Les dons constituent la source principale de revenus de Foundspot, et de laquelle il d\u00e9pend pour se maintenir et continuer \u00e0 aider de nombreuses personnes partout dans le monde.<br \/>\nNous vous remercions de tout c\u0153ur de vouloir nous aider et de faire partie encore plus de Foundspot, et nous voudrions vous rappeler les raisons pour lesquelles faire des dons \u00e0 Foundspot\u00a0:<br \/>\n1. C\u2019est une mani\u00e8re de remercier le service gratuit offert par la plateforme. Des fonds sont n\u00e9cessaires pour la maintenir et l\u2019am\u00e9liorer. Ainsi, elle pourra continuer \u00e0 aider plus de personnes comme vous et l\u2019\u00e9nergie de Foundspot pourra se maintenir en vie.<br \/>\n2. Pour faire en sorte que tout le monde soit au courant et g\u00e9n\u00e9rer plus de donateurs.<br \/>\n3. Parce que ton grain de sable contribue \u00e0 aider les gens dans le besoin\u00a0!<br \/>\nPour toutes ces raisons, 30% des b\u00e9n\u00e9fices tir\u00e9s de la publicit\u00e9 et des dons sont destin\u00e9s \u00e0 diff\u00e9rents projets sociaux. Derri\u00e8re Foundspot, il y a de nombreuses personnes impliqu\u00e9es, qui travaillent quotidiennement \u00e0 la construction d\u2019un monde plus solidaire et coop\u00e9ratif. Pour maintenir et diffuser le message de Foundspot, nous avons calcul\u00e9 pouvoir d\u00e9dier 30% des b\u00e9n\u00e9fices que nous g\u00e9n\u00e9rons par les collaborations et la publicit\u00e9. Nous esp\u00e9rons pouvoir bient\u00f4t augmenter ce pourcentage pour destiner plus de fonds \u00e0 des \u0153uvres sociales et aider plus de personnes.<\/p>\n<p style=\"text-align: justify;\"><span style=\"text-decoration: underline;\">Nous r\u00e9partissons votre aide de la mani\u00e8re suivante\u00a0:<\/span><br \/>\n50% en projets nationaux\u00a0: la moiti\u00e9 des fonds recueillis sont destin\u00e9s \u00e0 des \u0153uvres sociales dans un pays donn\u00e9, elles sont dirig\u00e9es pour des actions locales dans ce m\u00eame pays.<br \/>\n50% en projets internationaux\u00a0: 50% des b\u00e9n\u00e9fices apport\u00e9s \u00e0 l\u2019aide sociale sont destin\u00e9s \u00e0 des projets dans les pays o\u00f9 le besoin humanitaire est plus important et qui n\u00e9cessitent le plus notre aide.<br \/>\nPar cons\u00e9quent, si par exemple en Italie nous parvenons \u00e0 r\u00e9colter 10\u00a0000\u20ac de donations, 5\u00a0000\u20ac seront investis dans des projets sociaux en Italie, et 5\u00a0000\u20ac seront destin\u00e9s \u00e0 des projets sociaux dans d\u2019autres parties du monde plus dans le besoin. Et ainsi dans tous les pays o\u00f9 Foundspot obtiendra des fonds.<\/p>\n<p style=\"text-align: justify;\">\n<span style=\"text-decoration: underline;\">Foundspot s\u2019engage \u00e0 garantir \u00e0 tous les donateurs les points suivants\u00a0:<\/span><br \/>\n1. Informer r\u00e9guli\u00e8rement de l\u2019usage des ressources donn\u00e9es et des projets et \u0153uvres sociales auxquels il participe.<br \/>\n2. Le conseil garantit d\u2019utiliser les donations pour maximiser l\u2019aide au plus grand nombre de personnes possible et avec la plus grande qualit\u00e9 possible.<br \/>\n3. 100% des dons sera destin\u00e9 \u00e0 des fins qui seront notifi\u00e9es aux donateurs et autres usagers.<br \/>\n4. N\u2019importe quel doute ou information peut \u00eatre sollicit\u00e9e et Foundspot s\u2019engage \u00e0 r\u00e9pondre dans la plus grande bri\u00e8vet\u00e9 et honn\u00eatet\u00e9 possible.<br \/>\n5. Les donn\u00e9es personnelles sont g\u00e9r\u00e9es avec la plus grande confidentialit\u00e9 possible dans le cadre de la l\u00e9gislation espagnole.<\/p>\n<p><span style=\"text-decoration: underline;\">Politique de confidentialit\u00e9 des donations\u00a0:<\/span><br \/>\nFoundspot s\u2019engage \u00e0 g\u00e9rer les donn\u00e9es personnelles et toutes les informations apport\u00e9es lors du processus de donation de mani\u00e8re totalement confidentielle, de fa\u00e7on \u00e0 ce qu\u2019aucune information ne soit jamais publi\u00e9e, ni vendue, ni chang\u00e9e ni lou\u00e9e.<br \/>\nLes informations recueillies dans les donations peuvent inclure nom, quantit\u00e9 donn\u00e9e, adresse, num\u00e9ro de t\u00e9l\u00e9phone, commentaire du donateur, adresse e-mail et n\u2019importe quelle autre information personnelle apport\u00e9e. Ces informations seront exclusivement utilis\u00e9es pour proc\u00e9der \u00e0 des paiements et g\u00e9n\u00e9rer des analyses et statistiques \u00e0 usage interne, lesquelles pourront \u00eatre utilis\u00e9es pour des publications. Aucun nom ne sera jamais publi\u00e9 sauf autorisation expresse des donateurs.<br \/>\nPar obligation l\u00e9gale, et \u00e0 condition que cela soit strictement n\u00e9cessaire, certaines informations concr\u00e8tes pourront \u00eatre r\u00e9v\u00e9l\u00e9es aux autorit\u00e9s pertinentes, et quand il sera n\u00e9cessaire de faire valoir les termes l\u00e9gaux, la politique de confidentialit\u00e9 et les conditions d\u2019usage de Foundspot.<\/p>\n<p><span style=\"text-decoration: underline;\">Usages des informations recueillies sur les donateurs\u00a0:<\/span><br \/>\nRemerciements aux donateurs pour leurs donations<br \/>\nAnalyses internes et statistiques \u00e0 usage interne<br \/>\nRapports n\u00e9cessaires par obligation l\u00e9gale<\/p>\n<p><span style=\"text-decoration: underline;\">Information sur les syst\u00e8mes de paiement\u00a0:<\/span><br \/>\nPour effectuer les processus de donations en ligne, nous utilisons PayPal. Sur le site web de cette organisation, vous devriez normalement avoir acc\u00e8s \u00e0 leurs politiques de confidentialit\u00e9.<\/p>\n<p><span style=\"text-decoration: underline;\">Contact\u00a0:<\/span><br \/>\nToute question peut \u00eatre formul\u00e9e \u00e0 l\u2019adresse \u00e9lectronique info@foundspot.com, en pr\u00e9cisant dans l\u2019objet le mot cl\u00e9 \u00ab\u00a0DONATIONS\u00a0\u00bb.<br \/>\n<span style=\"text-decoration: underline;\">Actualisations\u00a0:<\/span><br \/>\nFoundspot se r\u00e9serve le droit d\u2019actualiser, modifier ou \u00e9liminer l\u2019information contenue, principalement du fait d\u2019actualisations de la l\u00e9gislation.<\/p>\n","protected":false},"excerpt":{"rendered":"<p>Les dons constituent la source principale de revenus de Foundspot, et de laquelle il d\u00e9pend pour se maintenir et continuer \u00e0 aider de nombreuses personnes partout dans le monde. Nous vous remercions de tout c\u0153ur de vouloir nous aider et de faire partie encore plus de Foundspot, et nous voudrions vous rappeler les raisons pour&hellip;<\/p>\n","protected":false},"author":1,"featured_media":0,"parent":0,"menu_order":0,"comment_status":"closed","ping_status":"closed","template":"","meta":{"content-type":"","footnotes":""},"class_list":["post-385","page","type-page","status-publish","hentry","description-off"],"_links":{"self":[{"href":"https:\/\/www.foundspot.com\/fr\/wp-json\/wp\/v2\/pages\/385","targetHints":{"allow":["GET"]}}],"collection":[{"href":"https:\/\/www.foundspot.com\/fr\/wp-json\/wp\/v2\/pages"}],"about":[{"href":"https:\/\/www.foundspot.com\/fr\/wp-json\/wp\/v2\/types\/page"}],"author":[{"embeddable":true,"href":"https:\/\/www.foundspot.com\/fr\/wp-json\/wp\/v2\/users\/1"}],"replies":[{"embeddable":true,"href":"https:\/\/www.foundspot.com\/fr\/wp-json\/wp\/v2\/comments?post=385"}],"version-history":[{"count":1,"href":"https:\/\/www.foundspot.com\/fr\/wp-json\/wp\/v2\/pages\/385\/revisions"}],"predecessor-version":[{"id":391,"href":"https:\/\/www.foundspot.com\/fr\/wp-json\/wp\/v2\/pages\/385\/revisions\/391"}],"wp:attachment":[{"href":"https:\/\/www.foundspot.com\/fr\/wp-json\/wp\/v2\/media?parent=385"}],"curies":[{"name":"wp","href":"https:\/\/api.w.org\/{rel}","templated":true}]}}