{"id":381,"date":"2016-05-30T10:29:46","date_gmt":"2016-05-30T10:29:46","guid":{"rendered":"http:\/\/www.foundspot.com\/corp\/aviso-legal\/?lang=fr"},"modified":"2019-02-15T10:00:41","modified_gmt":"2019-02-15T10:00:41","slug":"mention-legale","status":"publish","type":"page","link":"https:\/\/www.foundspot.com\/fr\/mention-legale\/","title":{"rendered":"Conditions g\u00e9n\u00e9rales d\u2019utilisation"},"content":{"rendered":"\n<p>L\u2019acc\u00e8s&nbsp;de&nbsp;toute&nbsp;personne&nbsp;int\u00e9ress\u00e9e&nbsp;\u00e0 ce&nbsp;site&nbsp;internet, de&nbsp;m\u00eame&nbsp;que&nbsp;l\u2019usage&nbsp;des&nbsp;services&nbsp;li\u00e9s&nbsp;\u00e0 ce&nbsp;dernier,&nbsp;impliquent&nbsp;que&nbsp;l\u2019int\u00e9ress\u00e9&nbsp;acquiert&nbsp;la&nbsp;condition&nbsp;d\u2019\u00ab&nbsp;usager\u202f\u00bb et&nbsp;au&nbsp;vue&nbsp;de&nbsp;cette&nbsp;condition,&nbsp;l\u2019int\u00e9ress\u00e9&nbsp;accepte&nbsp;une&nbsp;s\u00e9rie&nbsp;de&nbsp;droits&nbsp;et&nbsp;obligations.&nbsp;<br>Afin&nbsp;de&nbsp;pouvoir&nbsp;faire&nbsp;usage&nbsp;des&nbsp;services&nbsp;offerts&nbsp;par ce&nbsp;site,&nbsp;l\u2019usager&nbsp;devra&nbsp;lire&nbsp;les termes et&nbsp;conditions&nbsp;d\u2019usage.&nbsp;L\u2019utilisation&nbsp;des&nbsp;services&nbsp;de Foundspot&nbsp;suppose&nbsp;l\u2019acceptation&nbsp;expresse&nbsp;et&nbsp;enti\u00e8re&nbsp;de&nbsp;tous&nbsp;les termes et&nbsp;conditions&nbsp;d\u2019usage, de&nbsp;m\u00eame&nbsp;que de la&nbsp;Politique&nbsp;de&nbsp;confidentialit\u00e9.&nbsp;<br>Par&nbsp;l\u2019interm\u00e9diaire&nbsp;de ce&nbsp;document,&nbsp;nous&nbsp;portons&nbsp;\u00e0&nbsp;votre&nbsp;connaissance&nbsp;les&nbsp;conditions&nbsp;g\u00e9n\u00e9rales&nbsp;d\u2019usage&nbsp;de Foundspot.&nbsp;Il&nbsp;est&nbsp;tr\u00e8s&nbsp;important&nbsp;de&nbsp;signaler&nbsp;que vos&nbsp;donn\u00e9es&nbsp;personnelles&nbsp;seront&nbsp;exclusivement&nbsp;utilis\u00e9es&nbsp;pour&nbsp;vous&nbsp;fournir&nbsp;les&nbsp;services&nbsp;de Foundspot. Elles&nbsp;ne&nbsp;seront&nbsp;jamais&nbsp;c\u00e9d\u00e9es&nbsp;\u00e0&nbsp;d\u2019autres&nbsp;fins&nbsp;qui&nbsp;ne&nbsp;soient&nbsp;pas&nbsp;celles&nbsp;pour&nbsp;lesquelles&nbsp;les&nbsp;usagers&nbsp;sont&nbsp;susceptibles de se&nbsp;mettre&nbsp;en&nbsp;contact&nbsp;entre&nbsp;eux.&nbsp;<br>L\u2019usager&nbsp;de Foundspot&nbsp;garantit&nbsp;que les&nbsp;notifications&nbsp;ne&nbsp;sont&nbsp;pas&nbsp;fausses&nbsp;ni&nbsp;frauduleuses, et que&nbsp;ne&nbsp;sont&nbsp;pas&nbsp;inclus&nbsp;des&nbsp;articles&nbsp;ou&nbsp;animaux&nbsp;de&nbsp;compagnie&nbsp;ill\u00e9gaux.&nbsp;Aussi,&nbsp;l\u2019usager&nbsp;garantit&nbsp;que&nbsp;l\u2019utilisation&nbsp;des&nbsp;services&nbsp;de Foundspot se&nbsp;fait&nbsp;dans&nbsp;le&nbsp;seul&nbsp;objectif&nbsp;de&nbsp;r\u00e9cup\u00e9rer&nbsp;un&nbsp;objet&nbsp;ou&nbsp;un animal de&nbsp;compagnie&nbsp;perdu,&nbsp;ou&nbsp;pour&nbsp;rendre&nbsp;un&nbsp;objet&nbsp;ou&nbsp;animal de&nbsp;compagnie&nbsp;retrouv\u00e9, et non \u00e0 des&nbsp;fins&nbsp;illicites&nbsp;ou&nbsp;contraires&nbsp;aux&nbsp;conditions&nbsp;g\u00e9n\u00e9rales&nbsp;de&nbsp;prestation&nbsp;du&nbsp;service.&nbsp;<br>En&nbsp;aucun&nbsp;cas, Foundspot&nbsp;n\u2019accepte&nbsp;quelque&nbsp;responsabilit\u00e9&nbsp;que ce&nbsp;soit&nbsp;quant&nbsp;aux&nbsp;animaux&nbsp;de&nbsp;compagnie&nbsp;ou&nbsp;objets&nbsp;notifi\u00e9s.&nbsp;C\u2019est&nbsp;de la&nbsp;responsabilit\u00e9&nbsp;de&nbsp;chaque&nbsp;usager&nbsp;de Foundspot de garantir la&nbsp;l\u00e9gitimit\u00e9&nbsp;de la&nbsp;provenance&nbsp;des&nbsp;animaux&nbsp;de&nbsp;compagnie&nbsp;ou&nbsp;objets&nbsp;notifi\u00e9s.&nbsp;Dans&nbsp;le cas&nbsp;o\u00f9&nbsp;n\u2019importe&nbsp;quel&nbsp;usager&nbsp;utiliserait&nbsp;les&nbsp;services&nbsp;de Foundspot&nbsp;dans&nbsp;l\u2019objectif&nbsp;de&nbsp;s\u2019approprier&nbsp;des&nbsp;objets&nbsp;ou&nbsp;animaux&nbsp;de&nbsp;compagnie&nbsp;(d\u2019origine&nbsp;licite&nbsp;ou&nbsp;illicite)&nbsp;ou&nbsp;de&nbsp;commercialiser&nbsp;ces&nbsp;derniers, Foundspot se&nbsp;r\u00e9serve&nbsp;le&nbsp;droit&nbsp;d\u2019entamer&nbsp;des&nbsp;actions&nbsp;l\u00e9gales&nbsp;contre&nbsp;lesdits&nbsp;usagers&nbsp;et\/ou&nbsp;de les&nbsp;notifier&nbsp;aux&nbsp;autorit\u00e9s&nbsp;comp\u00e9tentes.&nbsp;Toute&nbsp;condition&nbsp;ou&nbsp;clause&nbsp;ajout\u00e9e&nbsp;entre les&nbsp;parties&nbsp;lors&nbsp;de la&nbsp;notification, du&nbsp;processus&nbsp;de&nbsp;r\u00e9cup\u00e9ration&nbsp;ou&nbsp;de&nbsp;livraison&nbsp;des&nbsp;objets&nbsp;ou&nbsp;animaux&nbsp;de&nbsp;compagnie\u202f;&nbsp;\u00e9tablie&nbsp;par&nbsp;\u00e9crit,&nbsp;verbalement&nbsp;ou&nbsp;par&nbsp;n\u2019importe&nbsp;quel&nbsp;autre&nbsp;moyen\u202f; en&nbsp;contradiction&nbsp;ou&nbsp;non-incluse&nbsp;dans&nbsp;ces&nbsp;conditions&nbsp;g\u00e9n\u00e9rales,&nbsp;n\u2019aura&nbsp;aucun&nbsp;effet&nbsp;ou&nbsp;validit\u00e9.&nbsp;<br>&nbsp;<\/p>\n\n\n\n<p>Diffusion&nbsp;des&nbsp;notifications&nbsp;de&nbsp;Foundspot\u202f:&nbsp;<br>L\u2019usager&nbsp;de Foundspot&nbsp;accepte&nbsp;que le&nbsp;contenu&nbsp;de&nbsp;ses&nbsp;notifications&nbsp;d\u2019objets&nbsp;ou&nbsp;d\u2019animaux&nbsp;(mais&nbsp;jamais&nbsp;les&nbsp;noms&nbsp;des&nbsp;usagers&nbsp;engag\u00e9s&nbsp;dans&nbsp;ces&nbsp;notifications&nbsp;sauf&nbsp;autorisation&nbsp;expresse&nbsp;de ces&nbsp;derniers)&nbsp;puisse&nbsp;\u00eatre&nbsp;diffus\u00e9&nbsp;par Foundspot \u00e0 des&nbsp;fins&nbsp;d\u2019information&nbsp;ou&nbsp;de&nbsp;promotion,&nbsp;tant&nbsp;sur internet, que sur&nbsp;d\u2019autres&nbsp;sites&nbsp;web,&nbsp;r\u00e9seaux&nbsp;sociaux&nbsp;et blogs&nbsp;inclus.&nbsp;<br>&nbsp;<\/p>\n\n\n\n<p>Responsabilit\u00e9&nbsp;civile\u202f:&nbsp;<br>L\u2019usager&nbsp;de Foundspot&nbsp;d\u00e9clare&nbsp;et&nbsp;garantit&nbsp;qu\u2019il&nbsp;poss\u00e8de&nbsp;la&nbsp;majorit\u00e9&nbsp;d\u2019\u00e2ge&nbsp;l\u00e9gal&nbsp;dans&nbsp;son&nbsp;pays&nbsp;d\u2019origine&nbsp;et&nbsp;qu\u2019il&nbsp;atteint&nbsp;un&nbsp;minimum&nbsp;de 18&nbsp;ans.&nbsp;<br>L\u2019usager&nbsp;de Foundspot&nbsp;admet&nbsp;qu\u2019il&nbsp;fait&nbsp;usage&nbsp;du&nbsp;service&nbsp;sous&nbsp;sa&nbsp;propre&nbsp;responsabilit\u00e9&nbsp;et que&nbsp;puisse&nbsp;exister&nbsp;la&nbsp;possibilit\u00e9&nbsp;qu\u2019un&nbsp;autre&nbsp;usager&nbsp;n\u2019agisse&nbsp;pas&nbsp;avec&nbsp;\u00e9thique,&nbsp;acceptant&nbsp;\u00e9galement&nbsp;le&nbsp;fait&nbsp;que Foundspot&nbsp;n\u2019a&nbsp;aucun&nbsp;type&nbsp;de&nbsp;responsabilit\u00e9&nbsp;quant&nbsp;aux&nbsp;dommages&nbsp;et&nbsp;pr\u00e9judices&nbsp;en&nbsp;tout&nbsp;genre&nbsp;occasionn\u00e9s&nbsp;par les&nbsp;conversations,&nbsp;accords&nbsp;ou&nbsp;tout&nbsp;autre&nbsp;type&nbsp;de&nbsp;relation&nbsp;avec&nbsp;les&nbsp;personnes&nbsp;physiques&nbsp;ou&nbsp;juridiques&nbsp;contact\u00e9es&nbsp;pendant&nbsp;l\u2019usage&nbsp;du&nbsp;service\u202f;&nbsp;ou&nbsp;d\u00e9riv\u00e9s&nbsp;de&nbsp;l\u2019usage&nbsp;du&nbsp;service.&nbsp;<br>L\u2019usager de Foundspot accepte qu\u2019aucun dirigeant, employ\u00e9 ou collaborateur de Foundspot n\u2019est responsable, directement ou indirectement, en aucune mani\u00e8re, de toute d\u00e9faillance, probl\u00e8me, retard ou interruption du service offert par Foundspot ou g\u00e9n\u00e9r\u00e9 suite au service offert sur ledit site web.&nbsp;<\/p>\n","protected":false},"excerpt":{"rendered":"<p>L\u2019acc\u00e8s&nbsp;de&nbsp;toute&nbsp;personne&nbsp;int\u00e9ress\u00e9e&nbsp;\u00e0 ce&nbsp;site&nbsp;internet, de&nbsp;m\u00eame&nbsp;que&nbsp;l\u2019usage&nbsp;des&nbsp;services&nbsp;li\u00e9s&nbsp;\u00e0 ce&nbsp;dernier,&nbsp;impliquent&nbsp;que&nbsp;l\u2019int\u00e9ress\u00e9&nbsp;acquiert&nbsp;la&nbsp;condition&nbsp;d\u2019\u00ab&nbsp;usager\u202f\u00bb et&nbsp;au&nbsp;vue&nbsp;de&nbsp;cette&nbsp;condition,&nbsp;l\u2019int\u00e9ress\u00e9&nbsp;accepte&nbsp;une&nbsp;s\u00e9rie&nbsp;de&nbsp;droits&nbsp;et&nbsp;obligations.&nbsp;Afin&nbsp;de&nbsp;pouvoir&nbsp;faire&nbsp;usage&nbsp;des&nbsp;services&nbsp;offerts&nbsp;par ce&nbsp;site,&nbsp;l\u2019usager&nbsp;devra&nbsp;lire&nbsp;les termes et&nbsp;conditions&nbsp;d\u2019usage.&nbsp;L\u2019utilisation&nbsp;des&nbsp;services&nbsp;de Foundspot&nbsp;suppose&nbsp;l\u2019acceptation&nbsp;expresse&nbsp;et&nbsp;enti\u00e8re&nbsp;de&nbsp;tous&nbsp;les termes et&nbsp;conditions&nbsp;d\u2019usage, de&nbsp;m\u00eame&nbsp;que de la&nbsp;Politique&nbsp;de&nbsp;confidentialit\u00e9.&nbsp;Par&nbsp;l\u2019interm\u00e9diaire&nbsp;de ce&nbsp;document,&nbsp;nous&nbsp;portons&nbsp;\u00e0&nbsp;votre&nbsp;connaissance&nbsp;les&nbsp;conditions&nbsp;g\u00e9n\u00e9rales&nbsp;d\u2019usage&nbsp;de Foundspot.&nbsp;Il&nbsp;est&nbsp;tr\u00e8s&nbsp;important&nbsp;de&nbsp;signaler&nbsp;que vos&nbsp;donn\u00e9es&nbsp;personnelles&nbsp;seront&nbsp;exclusivement&nbsp;utilis\u00e9es&nbsp;pour&nbsp;vous&nbsp;fournir&nbsp;les&nbsp;services&nbsp;de Foundspot. Elles&nbsp;ne&nbsp;seront&nbsp;jamais&nbsp;c\u00e9d\u00e9es&nbsp;\u00e0&nbsp;d\u2019autres&nbsp;fins&nbsp;qui&nbsp;ne&nbsp;soient&nbsp;pas&nbsp;celles&nbsp;pour&nbsp;lesquelles&nbsp;les&nbsp;usagers&nbsp;sont&nbsp;susceptibles de se&nbsp;mettre&nbsp;en&nbsp;contact&nbsp;entre&nbsp;eux.&nbsp;L\u2019usager&nbsp;de Foundspot&nbsp;garantit&nbsp;que les&nbsp;notifications&nbsp;ne&nbsp;sont&nbsp;pas&nbsp;fausses&nbsp;ni&nbsp;frauduleuses, et que&nbsp;ne&nbsp;sont&nbsp;pas&nbsp;inclus&nbsp;des&nbsp;articles&nbsp;ou&nbsp;animaux&nbsp;de&nbsp;compagnie&nbsp;ill\u00e9gaux.&nbsp;Aussi,&nbsp;l\u2019usager&nbsp;garantit&nbsp;que&nbsp;l\u2019utilisation&nbsp;des&nbsp;services&nbsp;de Foundspot se&nbsp;fait&nbsp;dans&nbsp;le&nbsp;seul&nbsp;objectif&nbsp;de&nbsp;r\u00e9cup\u00e9rer&nbsp;un&nbsp;objet&nbsp;ou&nbsp;un animal de&nbsp;compagnie&nbsp;perdu,&nbsp;ou&nbsp;pour&nbsp;rendre&nbsp;un&nbsp;objet&nbsp;ou&nbsp;animal de&nbsp;compagnie&nbsp;retrouv\u00e9, et non \u00e0 des&nbsp;fins&nbsp;illicites&nbsp;ou&nbsp;contraires&nbsp;aux&nbsp;conditions&nbsp;g\u00e9n\u00e9rales&nbsp;de&nbsp;prestation&nbsp;du&nbsp;service.&nbsp;En&nbsp;aucun&nbsp;cas, Foundspot&nbsp;n\u2019accepte&nbsp;quelque&nbsp;responsabilit\u00e9&nbsp;que ce&nbsp;soit&nbsp;quant&nbsp;aux&nbsp;animaux&nbsp;de&nbsp;compagnie&nbsp;ou&nbsp;objets&nbsp;notifi\u00e9s.&nbsp;C\u2019est&nbsp;de la&nbsp;responsabilit\u00e9&nbsp;de&nbsp;chaque&nbsp;usager&nbsp;de Foundspot de garantir la&nbsp;l\u00e9gitimit\u00e9&nbsp;de la&nbsp;provenance&nbsp;des&nbsp;animaux&nbsp;de&nbsp;compagnie&nbsp;ou&nbsp;objets&nbsp;notifi\u00e9s.&nbsp;Dans&nbsp;le cas&nbsp;o\u00f9&nbsp;n\u2019importe&nbsp;quel&nbsp;usager&nbsp;utiliserait&nbsp;les&nbsp;services&nbsp;de Foundspot&nbsp;dans&nbsp;l\u2019objectif&nbsp;de&nbsp;s\u2019approprier&nbsp;des&nbsp;objets&nbsp;ou&nbsp;animaux&nbsp;de&nbsp;compagnie&nbsp;(d\u2019origine&nbsp;licite&nbsp;ou&nbsp;illicite)&nbsp;ou&nbsp;de&nbsp;commercialiser&nbsp;ces&nbsp;derniers, Foundspot se&nbsp;r\u00e9serve&nbsp;le&nbsp;droit&nbsp;d\u2019entamer&nbsp;des&nbsp;actions&nbsp;l\u00e9gales&nbsp;contre&nbsp;lesdits&nbsp;usagers&nbsp;et\/ou&nbsp;de les&nbsp;notifier&nbsp;aux&nbsp;autorit\u00e9s&nbsp;comp\u00e9tentes.&nbsp;Toute&nbsp;condition&nbsp;ou&nbsp;clause&nbsp;ajout\u00e9e&nbsp;entre les&nbsp;parties&nbsp;lors&nbsp;de la&nbsp;notification, du&nbsp;processus&nbsp;de&nbsp;r\u00e9cup\u00e9ration&nbsp;ou&nbsp;de&nbsp;livraison&nbsp;des&nbsp;objets&nbsp;ou&nbsp;animaux&nbsp;de&nbsp;compagnie\u202f;&nbsp;\u00e9tablie&nbsp;par&nbsp;\u00e9crit,&nbsp;verbalement&nbsp;ou&nbsp;par&nbsp;n\u2019importe&nbsp;quel&nbsp;autre&nbsp;moyen\u202f; en&nbsp;contradiction&nbsp;ou&nbsp;non-incluse&nbsp;dans&nbsp;ces&nbsp;conditions&nbsp;g\u00e9n\u00e9rales,&nbsp;n\u2019aura&nbsp;aucun&nbsp;effet&nbsp;ou&nbsp;validit\u00e9.&nbsp;&nbsp; Diffusion&nbsp;des&nbsp;notifications&nbsp;de&nbsp;Foundspot\u202f:&nbsp;L\u2019usager&nbsp;de Foundspot&nbsp;accepte&nbsp;que le&nbsp;contenu&nbsp;de&nbsp;ses&nbsp;notifications&nbsp;d\u2019objets&nbsp;ou&nbsp;d\u2019animaux&nbsp;(mais&nbsp;jamais&nbsp;les&nbsp;noms&nbsp;des&nbsp;usagers&nbsp;engag\u00e9s&nbsp;dans&nbsp;ces&nbsp;notifications&nbsp;sauf&nbsp;autorisation&nbsp;expresse&nbsp;de ces&nbsp;derniers)&nbsp;puisse&nbsp;\u00eatre&nbsp;diffus\u00e9&nbsp;par&hellip;<\/p>\n","protected":false},"author":1,"featured_media":0,"parent":0,"menu_order":0,"comment_status":"closed","ping_status":"closed","template":"","meta":{"content-type":"","footnotes":""},"class_list":["post-381","page","type-page","status-publish","hentry","description-off"],"_links":{"self":[{"href":"https:\/\/www.foundspot.com\/fr\/wp-json\/wp\/v2\/pages\/381","targetHints":{"allow":["GET"]}}],"collection":[{"href":"https:\/\/www.foundspot.com\/fr\/wp-json\/wp\/v2\/pages"}],"about":[{"href":"https:\/\/www.foundspot.com\/fr\/wp-json\/wp\/v2\/types\/page"}],"author":[{"embeddable":true,"href":"https:\/\/www.foundspot.com\/fr\/wp-json\/wp\/v2\/users\/1"}],"replies":[{"embeddable":true,"href":"https:\/\/www.foundspot.com\/fr\/wp-json\/wp\/v2\/comments?post=381"}],"version-history":[{"count":3,"href":"https:\/\/www.foundspot.com\/fr\/wp-json\/wp\/v2\/pages\/381\/revisions"}],"predecessor-version":[{"id":1501,"href":"https:\/\/www.foundspot.com\/fr\/wp-json\/wp\/v2\/pages\/381\/revisions\/1501"}],"wp:attachment":[{"href":"https:\/\/www.foundspot.com\/fr\/wp-json\/wp\/v2\/media?parent=381"}],"curies":[{"name":"wp","href":"https:\/\/api.w.org\/{rel}","templated":true}]}}