{"id":1296,"date":"2019-02-05T18:01:26","date_gmt":"2019-02-05T18:01:26","guid":{"rendered":"http:\/\/local.foundspot.es\/corp\/fr\/faq\/"},"modified":"2023-09-21T15:44:09","modified_gmt":"2023-09-21T15:44:09","slug":"faq","status":"publish","type":"page","link":"https:\/\/www.foundspot.com\/fr\/faq\/","title":{"rendered":"FAQs"},"content":{"rendered":"<div class=\"wpb-content-wrapper\"><p>[vc_row anchor=\u00a0\u00bb#preguntasfrecuentes\u00a0\u00bb][vc_column css=\u00a0\u00bb.vc_custom_1455628751253{margin-top: 40px !important;margin-bottom: 40px !important;}\u00a0\u00bb][vc_column_text]<\/p>\n<h1 style=\"text-align: center;\">&nbsp;<\/h1>\n<p>&nbsp;<\/p>\n<h1 style=\"text-align: center;\">FAQs<\/h1>\n<h3 style=\"text-align: center;\">R\u00e9solvez vos doutes<\/h3>\n<p>[\/vc_column_text]\n\t\t\t<div  class=\"ult_tabitemname\"  >\n\t\t\t\t[vc_column_text][\/vc_column_text]\n\t\t\t<\/div>[vc_tabs][vc_tab title=\u00a0\u00bbParticuliers\u00a0\u00bb tab_id=\u00a0\u00bbb7e3d98f-7412-9&Prime;][vc_row_inner][vc_column_inner width=\u00a0\u00bb1\/2&Prime;][vc_tta_accordion style=\u00a0\u00bbmodern\u00a0\u00bb spacing=\u00a0\u00bb5&Prime; gap=\u00a0\u00bb5&Prime; c_align=\u00a0\u00bbcenter\u00a0\u00bb c_icon=\u00a0\u00bbchevron\u00a0\u00bb active_section=\u00a0\u00bb-1&Prime; no_fill=\u00a0\u00bbtrue\u00a0\u00bb collapsible_all=\u00a0\u00bbtrue\u00a0\u00bb][vc_tta_section title=\u00a0\u00bbD&rsquo;autres personnes peuvent-elles voir sur Internet les objets perdus ou trouv\u00e9s ?\u00a0\u00bb tab_id=\u00a0\u00bb1449747995594-8baec594-8405&Prime;][vc_column_text]<\/p>\n<p style=\"text-align: justify;\" align=\"justify\"><span lang=\"en-US\">Non, ce n\u2019est pas possible.<\/span> <span lang=\"fr-FR\">Foundspot ne publie aucune information des utilisateurs pour \u00e9viter qu\u2019une personne puisse r\u00e9clamer ce qui ne lui appartient pas. Toutes les informations sont g\u00e9r\u00e9es en interne pas le syst\u00e8me de co\u00efncidences afin de ne mettre en contact que les personnes qui ont perdu ou trouv\u00e9 le m\u00eame objet ou animal de compagnie.<\/span><\/p>\n<p>[\/vc_column_text][\/vc_tta_section][vc_tta_section title=\u00a0\u00bbQuand suis-je pr\u00e9venu ?\u00a0\u00bb tab_id=\u00a0\u00bb1449747995810-b873d1fc-5506&Prime;][vc_column_text]<\/p>\n<p style=\"text-align: justify;\" align=\"justify\"><span lang=\"fr-FR\">Les informations sont en temps r\u00e9el. D\u00e8s que les deux parties nous indiquent l\u2019objet ou l&rsquo;animal de compagnie perdu\/trouv\u00e9, nous leur envoyons une notification afin qu\u2019elles puissent se mettre en contact. <\/span><\/p>\n<p>[\/vc_column_text][\/vc_tta_section][vc_tta_section title=\u00a0\u00bbEst-ce que je peux signaler un objet ou animal sans \u00eatre enregistr\u00e9 ?\u00a0\u00bb tab_id=\u00a0\u00bb1449748037812-c5e2eb50-32d0&Prime;][vc_column_text]<\/p>\n<p align=\"justify\"><span lang=\"fr-FR\">Bien \u00e9videment. Nous t\u2019offrons la possibilit\u00e9 de ne nous indiquer ton courriel et ton nom afin que Foundspot puisse te contacter.<\/span><\/p>\n<p align=\"justify\"><span lang=\"fr-FR\">Nous t\u2019offrons aussi la possibilit\u00e9 de t\u2019enregistrer via Facebook, Google+ ou avec notre propre identifiant<\/span><span lang=\"fr-FR\">.<\/span>[\/vc_column_text][\/vc_tta_section][vc_tta_section title=\u00a0\u00bbQue se passe-t-il si quelqu&rsquo;un qui a perdu un objet, le retrouve par la suite ? Peut-il l\u2019\u00e9liminer de Foundspot?\u00a0\u00bb tab_id=\u00a0\u00bb1449748039512-1470a7c7-8721&Prime;][vc_column_text]<span lang=\"fr-FR\">Dans le courriel que Foundspot envoie&nbsp;\u00e0 un utilisateur pour le pr\u00e9venir que son objet a \u00e9t\u00e9 trouv\u00e9, il y a une option pour confirmer qu&rsquo;il s&rsquo;agit effectivement de l\u2019objet recherch\u00e9 ou pas. Si ce n&rsquo;est pas le cas, l&rsquo;objet est \u00e9limin\u00e9 automatiquement de la liste de recherche de co\u00efncidences. <\/span>[\/vc_column_text][\/vc_tta_section][vc_tta_section title=\u00a0\u00bbQue faire si je retrouve ce que j&rsquo;ai perdu sur Foundspot ?\u00a0\u00bb tab_id=\u00a0\u00bb1464953225139-d86d1346-8833&Prime;][vc_column_text]<span lang=\"fr-FR\">Foundspot facilite la connexion de ceux qui trouvent quelque chose avec ceux qui l&rsquo;ont perdu, gr\u00e2ce \u00e0 un algorithme qui d\u00e9tecte automatiquement les correspondances et g\u00e8re l&rsquo;envoi automatique de notifications aux parties en cas de correspondance. Foundspot ne re\u00e7oit, ne garde ni ne livre aucun objet perdu ou trouv\u00e9. Cette t\u00e2che est accomplie par chaque personne qui, de bonne foi, souhaite restituer la trouvaille \u00e0 son propri\u00e9taire.<\/span>[\/vc_column_text][\/vc_tta_section][vc_tta_section title=\u00a0\u00bbQue dois-je faire si je ne re\u00e7ois pas d&rsquo;e-mail correspondant \u00e0 mon objet perdu ?\u00a0\u00bb tab_id=\u00a0\u00bb1695311010742-27817d02-589c\u00a0\u00bb][vc_column_text]<\/p>\n<p data-renderer-start-pos=\"1620\">Si vous n&rsquo;avez pas re\u00e7u d&rsquo;e-mail correspondant \u00e0 votre objet perdu, nous vous recommandons de suivre ces \u00e9tapes :<\/p>\n<ol class=\"ak-ol\" data-indent-level=\"1\">\n<li>\n<p data-renderer-start-pos=\"1737\"><strong data-renderer-mark=\"true\">V\u00e9rifiez votre dossier Spam ou Courrier ind\u00e9sirable :<\/strong> Parfois, les e-mails peuvent \u00eatre automatiquement filtr\u00e9s comme spam.<\/p>\n<\/li>\n<li>\n<p data-renderer-start-pos=\"1864\"><strong data-renderer-mark=\"true\">Soyez patient : <\/strong>Assurez-vous d&rsquo;avoir attendu le d\u00e9lai indiqu\u00e9 dans la section \u00ab\u00a0comment \u00e7a fonctionne\u00a0\u00bb pour recevoir l&rsquo;e-mail correspondant. Le processus de recherche et de correspondance des objets perdus peut prendre du temps, en fonction de la disponibilit\u00e9 et de la charge de travail de l&rsquo;\u00e9quipe responsable.<\/p>\n<\/li>\n<li>\n<p data-renderer-start-pos=\"2179\">Si, apr\u00e8s avoir v\u00e9rifi\u00e9 votre dossier Spam et attendu un d\u00e9lai raisonnable, vous n&rsquo;avez toujours pas re\u00e7u l&rsquo;e-mail correspondant, nous vous recommandons de nous contacter \u00e0 l&rsquo;adresse suivante :<\/p>\n<\/li>\n<\/ol>\n<ul class=\"ak-ul\" data-indent-level=\"1\">\n<li>\n<p data-renderer-start-pos=\"2378\"><a class=\"css-tgpl01\" title=\"mailto:info@foundspot.com\" href=\"mailto:info@foundspot.com\" data-testid=\"link-with-safety\" data-renderer-mark=\"true\">info@foundspot.com<\/a><\/p>\n<\/li>\n<\/ul>\n<p>[\/vc_column_text][\/vc_tta_section][\/vc_tta_accordion][\/vc_column_inner][vc_column_inner width=\u00a0\u00bb1\/2&Prime;][vc_tta_accordion style=\u00a0\u00bbmodern\u00a0\u00bb spacing=\u00a0\u00bb5&Prime; gap=\u00a0\u00bb5&Prime; c_align=\u00a0\u00bbcenter\u00a0\u00bb c_icon=\u00a0\u00bbchevron\u00a0\u00bb active_section=\u00a0\u00bb\u00a0\u00bb no_fill=\u00a0\u00bbtrue\u00a0\u00bb collapsible_all=\u00a0\u00bbtrue\u00a0\u00bb][vc_tta_section title=\u00a0\u00bbPourquoi faire un don \u00e0 Foundspot ?\u00a0\u00bb tab_id=\u00a0\u00bb1455705385498-fb3b39d9-98bc\u00a0\u00bb][vc_column_text]<\/p>\n<ol>\n<li>\n<p align=\"justify\"><span lang=\"fr-FR\">C\u2019est une fa\u00e7on de remercier le service offert par la plate-forme. Ainsi, FoundSpot pourra continuer \u00e0 aider d\u2019autres personnes \u00e0 retrouver ce qu\u2019elles cherchent. <\/span><\/p>\n<\/li>\n<li>\n<p align=\"justify\"><span lang=\"fr-FR\">Afin de faire conna\u00eetre FoundSpot.<\/span><\/p>\n<\/li>\n<li>\n<p align=\"justify\"><span lang=\"fr-FR\">Pour contribuer aux projets sociaux en faveur de ceux qui en ont le plus besoin.<\/span><\/p>\n<\/li>\n<\/ol>\n<p>[\/vc_column_text][\/vc_tta_section][vc_tta_section title=\u00a0\u00bbA qui seront destin\u00e9es les dons ?\u00a0\u00bb tab_id=\u00a0\u00bb1455705386150-270f5586-3a57&Prime;][vc_column_text]<\/p>\n<p style=\"text-align: justify;\" align=\"justify\"><span lang=\"fr-FR\">Les dons, ainsi que les recettes dues \u00e0 la publicit\u00e9, seront destin\u00e9s au soutien de la plate-forme et \u00e0 plusieurs projets sociaux. 30% des b\u00e9n\u00e9fices seront destin\u00e9s \u00e0 : <\/span><\/p>\n<p style=\"text-align: justify;\" align=\"justify\"><span lang=\"fr-FR\">50% projets nationaux : la moiti\u00e9 des dons re\u00e7us dans un pays d\u00e9termin\u00e9 seront investis dans des projets sociaux de ce m\u00eame pays <\/span><\/p>\n<p style=\"text-align: justify;\" align=\"justify\"><span lang=\"fr-FR\">50% projets internationaux : l\u2019autre moiti\u00e9 des fonds destin\u00e9s aux projets sociaux sera destin\u00e9e aux pays o\u00f9 le besoin humanitaire est le plus grand et o\u00f9 notre aide est la plus n\u00e9cessaire. <\/span><\/p>\n<p>[\/vc_column_text][\/vc_tta_section][vc_tta_section title=\u00a0\u00bbPourquoi un 30% des b\u00e9n\u00e9fices ?\u00a0\u00bb tab_id=\u00a0\u00bb1455705386722-550e1fca-2500&Prime;][vc_column_text]<\/p>\n<p style=\"text-align: justify;\" align=\"justify\"><span lang=\"fr-FR\">En analysant les pr\u00e9visions de recettes en ce d\u00e9but de projet Foundspot, nous avons calcul\u00e9 que c\u2019est le pourcentage que nous pourrons donner tout en d\u00e9diant le reste des b\u00e9n\u00e9fices \u00e0 la diffusion de&nbsp;Foundspot dans le monde.<\/span><\/p>\n<p style=\"text-align: justify;\" align=\"justify\"><span lang=\"fr-FR\">Nous esp\u00e9rons augmenter ce pourcentage dans un avenir proche afin de pouvoir aider plus de monde.<\/span><\/p>\n<p>[\/vc_column_text][\/vc_tta_section][vc_tta_section title=\u00a0\u00bbPeut-il y avoir plusieurs processus d&rsquo;appariement simultan\u00e9s en m\u00eame temps?\u00a0\u00bb tab_id=\u00a0\u00bb1449748037812-c5e2eb50-32d0&Prime;][vc_column_text]<\/p>\n<p align=\"justify\"><span lang=\"fr-FR\">Parfaitement. Il est donc tr\u00e8s important que les fondateurs valident correctement les notifications, qu&rsquo;ils aient perdu ou trouv\u00e9 quelque chose.<\/span><\/p>\n<p>[\/vc_column_text][\/vc_tta_section][vc_tta_section title=\u00a0\u00bbComment Foundspot intervient-il dans le processus?\u00a0\u00bb tab_id=\u00a0\u00bb1449748037812-c5e2eb50-32d0&Prime;][vc_column_text]<\/p>\n<p align=\"justify\"><span lang=\"fr-FR\">Foundspot facilite la mise en relatin de ceux qui trouvent quelque chose avec ceux qui l&rsquo;ont perdu gr\u00e2ce \u00e0 l&rsquo;algorithme qui d\u00e9tecte automatiquement les correspondances et g\u00e8re l&rsquo;envoi automatique des notifications aux parties en cas de correspondance. Foundspot ne re\u00e7oit, ne garde ni ne livre aucun animal de compagnie perdu ou trouv\u00e9. Cette t\u00e2che est accomplie par chaque personne qui, de bonne foi, souhaite restituer la l\u00b4objet perdu \u00e0 son propri\u00e9taire.<\/span><\/p>\n<p>[\/vc_column_text][\/vc_tta_section][\/vc_tta_accordion][\/vc_column_inner][\/vc_row_inner][\/vc_tab][vc_tab title=\u00a0\u00bbEnterprises\u00a0\u00bb tab_id=\u00a0\u00bb0e9462ed-8d5d-0&Prime;][vc_row_inner][vc_column_inner width=\u00a0\u00bb1\/2&Prime;][vc_tta_accordion style=\u00a0\u00bbmodern\u00a0\u00bb spacing=\u00a0\u00bb5&Prime; gap=\u00a0\u00bb5&Prime; c_align=\u00a0\u00bbcenter\u00a0\u00bb c_icon=\u00a0\u00bbchevron\u00a0\u00bb active_section=\u00a0\u00bb-1&Prime; no_fill=\u00a0\u00bbtrue\u00a0\u00bb collapsible_all=\u00a0\u00bbtrue\u00a0\u00bb][vc_tta_section title=\u00a0\u00bbQuel Pack es ce que je dois choisir?\u00a0\u00bb tab_id=\u00a0\u00bb1449747995594-8baec594-8405&Prime;][vc_column_text]<\/p>\n<p style=\"text-align: justify;\" align=\"justify\">Les 5 packs disponibles d\u00e9pendent du volume d&rsquo;objets perdus et trouv\u00e9s g\u00e9r\u00e9s dans l&rsquo;organisation, du p\u00e9rim\u00e8tre (nombre de centres, marques, espaces, etc. o\u00f9 la plateforme va \u00eatre utilis\u00e9e) et du nombre de personnalisations requises : une personnalisation pour plusieurs marques, centres, etc. ou une pour chacun.<\/p>\n<p>[\/vc_column_text][\/vc_tta_section][vc_tta_section title=\u00a0\u00bbQuels sont les avantages de l&rsquo;impl\u00e9mentation de Foundspot dans mon bureau des objets trouv\u00e9s? Quels sont les avantages pour mes clients\/utilisateurs?\u00a0\u00bb tab_id=\u00a0\u00bb1449747995810-b873d1fc-5506&Prime;][vc_column_text]<\/p>\n<p style=\"text-align: justify;\" align=\"justify\"><span lang=\"fr-FR\">Augmentez le succ\u00e8s de votre gestion de plus de 80%, \u00e9conomisez chaque ann\u00e9e \u00e0 vos utilisateurs des centaines de milliers d&rsquo;euros sur la valeur de leurs objets perdus (plus toute sa valeur sentimentale), r\u00e9duisez la gestion de plus de 500% (de quelques semaines \u00e0 quelques jours) pour le personnel et les utilisateurs d\u00e9di\u00e9s et ayez un processus beaucoup plus simple et confortable pour vos utilisateurs.<\/span><\/p>\n<p>[\/vc_column_text][\/vc_tta_section][\/vc_tta_accordion][\/vc_column_inner][vc_column_inner width=\u00a0\u00bb1\/2&Prime;][vc_tta_accordion style=\u00a0\u00bbmodern\u00a0\u00bb spacing=\u00a0\u00bb5&Prime; gap=\u00a0\u00bb5&Prime; c_align=\u00a0\u00bbcenter\u00a0\u00bb c_icon=\u00a0\u00bbchevron\u00a0\u00bb active_section=\u00a0\u00bb\u00a0\u00bb no_fill=\u00a0\u00bbtrue\u00a0\u00bb collapsible_all=\u00a0\u00bbtrue\u00a0\u00bb][vc_tta_section title=\u00a0\u00bbComment travaillons-nous avec nos clients?\u00a0\u00bb tab_id=\u00a0\u00bb1455705385498-fb3b39d9-98bc\u00a0\u00bb][vc_column_text]<\/p>\n<p align=\"justify\"><span lang=\"fr-FR\">Chez Foundspot, nous accordons des licences annuelles pour l&rsquo;utilisation de la plate-forme personnalis\u00e9e et fournissons un support technique \u00e0 nos clients. La gestion physique de la collecte, du stockage et de la sortie des objets r\u00e9cup\u00e9r\u00e9s est assur\u00e9e \u00e0 100% par le personnel de chaque organisation, ainsi que la gestion num\u00e9rique des co\u00efncidences des objets.<\/span><\/p>\n<p>[\/vc_column_text][\/vc_tta_section][vc_tta_section title=\u00a0\u00bbQuelle technologie ou processus d&rsquo;impl\u00e9mentation Foundspot implique-t-il?\u00a0\u00bb tab_id=\u00a0\u00bb1449748037812-c5e2eb50-32d0&Prime;][vc_column_text]<\/p>\n<p align=\"justify\"><span lang=\"fr-FR\">Pour commencer \u00e0 travailler avec la plateforme Foundspot, il vous suffit d&rsquo;acc\u00e9der \u00e0 Internet et de vous connecter avec les identifiants et mots de passe que nous vous fournissons. Nous fournissons l&rsquo;url de la ou des plates-formes personnalis\u00e9es \u00e0 l&rsquo;organisation pour qu&rsquo;elle les int\u00e8gre \u00e0 ses sites Web, applications, etc.<\/span><\/p>\n<p>[\/vc_column_text][\/vc_tta_section][\/vc_tta_accordion][\/vc_column_inner][\/vc_row_inner][\/vc_tab][\/vc_tabs][\/vc_column][\/vc_row]<\/p>\n<\/div>","protected":false},"excerpt":{"rendered":"<p>[vc_row anchor=\u00a0\u00bb#preguntasfrecuentes\u00a0\u00bb][vc_column css=\u00a0\u00bb.vc_custom_1455628751253{margin-top: 40px !important;margin-bottom: 40px !important;}\u00a0\u00bb][vc_column_text] &nbsp; &nbsp; FAQs R\u00e9solvez vos doutes [\/vc_column_text][vc_tabs][vc_tab title=\u00a0\u00bbParticuliers\u00a0\u00bb tab_id=\u00a0\u00bbb7e3d98f-7412-9&Prime;][vc_row_inner][vc_column_inner width=\u00a0\u00bb1\/2&Prime;][vc_tta_accordion style=\u00a0\u00bbmodern\u00a0\u00bb spacing=\u00a0\u00bb5&Prime; gap=\u00a0\u00bb5&Prime; c_align=\u00a0\u00bbcenter\u00a0\u00bb c_icon=\u00a0\u00bbchevron\u00a0\u00bb active_section=\u00a0\u00bb-1&Prime; no_fill=\u00a0\u00bbtrue\u00a0\u00bb collapsible_all=\u00a0\u00bbtrue\u00a0\u00bb][vc_tta_section title=\u00a0\u00bbD&rsquo;autres personnes peuvent-elles voir sur Internet les objets perdus ou trouv\u00e9s ?\u00a0\u00bb tab_id=\u00a0\u00bb1449747995594-8baec594-8405&Prime;][vc_column_text] Non, ce n\u2019est pas possible. Foundspot ne publie aucune information des utilisateurs pour \u00e9viter qu\u2019une personne puisse&hellip;<\/p>\n","protected":false},"author":1,"featured_media":0,"parent":0,"menu_order":0,"comment_status":"closed","ping_status":"closed","template":"","meta":{"content-type":"","footnotes":""},"class_list":["post-1296","page","type-page","status-publish","hentry","description-off"],"_links":{"self":[{"href":"https:\/\/www.foundspot.com\/fr\/wp-json\/wp\/v2\/pages\/1296","targetHints":{"allow":["GET"]}}],"collection":[{"href":"https:\/\/www.foundspot.com\/fr\/wp-json\/wp\/v2\/pages"}],"about":[{"href":"https:\/\/www.foundspot.com\/fr\/wp-json\/wp\/v2\/types\/page"}],"author":[{"embeddable":true,"href":"https:\/\/www.foundspot.com\/fr\/wp-json\/wp\/v2\/users\/1"}],"replies":[{"embeddable":true,"href":"https:\/\/www.foundspot.com\/fr\/wp-json\/wp\/v2\/comments?post=1296"}],"version-history":[{"count":23,"href":"https:\/\/www.foundspot.com\/fr\/wp-json\/wp\/v2\/pages\/1296\/revisions"}],"predecessor-version":[{"id":3435,"href":"https:\/\/www.foundspot.com\/fr\/wp-json\/wp\/v2\/pages\/1296\/revisions\/3435"}],"wp:attachment":[{"href":"https:\/\/www.foundspot.com\/fr\/wp-json\/wp\/v2\/media?parent=1296"}],"curies":[{"name":"wp","href":"https:\/\/api.w.org\/{rel}","templated":true}]}}