{"id":1232,"date":"2019-02-05T13:08:25","date_gmt":"2019-02-05T13:08:25","guid":{"rendered":"http:\/\/local.foundspot.es\/corp\/fr\/discover-foundspot\/"},"modified":"2020-06-09T10:28:24","modified_gmt":"2020-06-09T10:28:24","slug":"discover-foundspot","status":"publish","type":"page","link":"https:\/\/www.foundspot.com\/fr\/discover-foundspot\/","title":{"rendered":"D\u00e9couvrez Foundspot"},"content":{"rendered":"<div class=\"wpb-content-wrapper\"><p>[vc_row full_width=\u00a0\u00bbtrue\u00a0\u00bb anchor=\u00a0\u00bb#foundspot\u00a0\u00bb][vc_column][vc_column_text css=\u00a0\u00bb.vc_custom_1549976757391{margin-bottom: 0px !important;}\u00a0\u00bb]<\/p>\n<h2 style=\"text-align: center;\">Qu&rsquo;est-ce que <img loading=\"lazy\" decoding=\"async\" class=\"alignnone wp-image-17\" src=\"http:\/\/www.foundspot.com\/corp\/wp-content\/uploads\/2015\/12\/foundspot-300x26.png\" alt=\"foundspot\" width=\"300\" height=\"26\" srcset=\"https:\/\/www.foundspot.com\/wp-content\/uploads\/2015\/12\/foundspot-300x26.png 300w, https:\/\/www.foundspot.com\/wp-content\/uploads\/2015\/12\/foundspot.png 400w\" sizes=\"auto, (max-width: 300px) 100vw, 300px\" \/>?<\/h2>\n<p>[\/vc_column_text][\/vc_column][\/vc_row][vc_row margin_top=\u00a0\u00bb50px\u00a0\u00bb margin_bottom=\u00a0\u00bb50px\u00a0\u00bb min_height=\u00a0\u00bb50%\u00a0\u00bb][vc_column width=\u00a0\u00bb1\/2&Prime;][vc_empty_space height=\u00a0\u00bb45px\u00a0\u00bb][vc_single_image image=\u00a0\u00bb576&Prime; img_size=\u00a0\u00bb559*362&Prime; alignment=\u00a0\u00bbcenter\u00a0\u00bb][vc_empty_space height=\u00a0\u00bb5px\u00a0\u00bb][\/vc_column][vc_column width=\u00a0\u00bb1\/2&Prime;][vc_empty_space height=\u00a0\u00bb37px\u00a0\u00bb][vc_column_text]<\/p>\n<h3 style=\"text-align: justify;\">Retrouve quelque chose que tu as perdu ou aide quelqu&rsquo;un \u00e0 retrouver un objet perdu<\/h3>\n<p style=\"text-align: justify;\"><em><strong>Everything lost can be found:<\/strong><\/em>\u00a0<span lang=\"fr-FR\">Foundspot est un service gratuit pour mettre en contact des personnes du monde entier qui ont perdu ou trouv\u00e9 un objet ou un animal de compagnie.<\/span><\/p>\n<h3 style=\"text-align: justify;\"><a name=\"_GoBack\"><\/a><span lang=\"fr-FR\">Foundspot est en toi :<\/span><\/h3>\n<p style=\"text-align: justify;\" align=\"justify\"><span lang=\"fr-FR\">Foundspot n\u2019est pas qu\u2019un service pour aider les personnes. <strong>Foundspot est une \u00e9nergie<\/strong>, une force que nous tous avons \u00e0 l\u2019int\u00e9rieur et qui nous pousse \u00e0 aider les autres.<\/span><\/p>\n<p style=\"text-align: justify;\" align=\"justify\"><span lang=\"fr-FR\">En utilisant Foundspot tu aideras encore plus, car nous nous engageons \u00e0 donner int\u00e9gralement 30% des b\u00e9n\u00e9fices \u00e0 des projets sociaux. <\/span><strong>Plus tu l&rsquo;utilises, plus tu aides\u00a0!<\/strong><\/p>\n<p>[\/vc_column_text][\/vc_column][\/vc_row][vc_row margin_top=\u00a0\u00bb50px\u00a0\u00bb margin_bottom=\u00a0\u00bb50px\u00a0\u00bb bg_type=\u00a0\u00bbbg_color\u00a0\u00bb min_height=\u00a0\u00bb50%\u00a0\u00bb anchor=\u00a0\u00bb#how\u00a0\u00bb css=\u00a0\u00bb.vc_custom_1554204395697{margin-bottom: 50px !important;}\u00a0\u00bb][vc_column width=\u00a0\u00bb1\/2&Prime;][vc_column_text]<\/p>\n<h3 style=\"text-align: left;\"><span style=\"font-family: Arial, serif;\">Comment marche\u00a0<img loading=\"lazy\" decoding=\"async\" class=\"alignnone wp-image-17\" src=\"http:\/\/www.foundspot.com\/corp\/wp-content\/uploads\/2015\/12\/foundspot-300x26.png\" alt=\"foundspot\" width=\"220\" height=\"19\" srcset=\"https:\/\/www.foundspot.com\/wp-content\/uploads\/2015\/12\/foundspot-300x26.png 300w, https:\/\/www.foundspot.com\/wp-content\/uploads\/2015\/12\/foundspot.png 400w\" sizes=\"auto, (max-width: 220px) 100vw, 220px\" \/>\u00a0?<\/span><\/h3>\n<p style=\"text-align: justify;\"><span style=\"font-family: Arial, serif;\"><span style=\"font-size: medium;\"><span lang=\"fr-FR\">C\u2019est facile ! Que tu cherches ou que tu trouves, tu ne dois suivre que 4 \u00e9tapes\u00a0:<\/span><\/span><\/span><\/p>\n<ol style=\"text-align: justify;\">\n<li><span style=\"font-family: Arial, serif;\"><span style=\"font-size: medium;\"><span lang=\"fr-FR\"><b>Quoi ?<\/b><\/span><span lang=\"fr-FR\"> D\u00e9cris de la mani\u00e8re la plus pr\u00e9cise possible ce que tu as perdu ou trouv\u00e9.<\/span><\/span><\/span><\/li>\n<\/ol>\n<ol style=\"text-align: justify;\" start=\"2\">\n<li><span style=\"font-family: Arial, serif;\"><span style=\"font-size: medium;\"><span lang=\"fr-FR\"><b>O\u00f9 ?<\/b><\/span><span lang=\"fr-FR\"> Indique l\u2019adresse ou localise sur la carte la zone ou le lieu concret o\u00f9 tu as perdu ou trouv\u00e9 l\u2019objet ou l&rsquo;animal de compagnie.<\/span><\/span><\/span><\/li>\n<\/ol>\n<ol style=\"text-align: justify;\" start=\"3\">\n<li><span style=\"font-family: Arial, serif;\"><span style=\"font-size: medium;\"><span lang=\"fr-FR\"><b>Quand ?<\/b><\/span><span lang=\"fr-FR\"> Indique la date \u00e0 laquelle tu l\u2019as perdu ou trouv\u00e9.<\/span><\/span><\/span><\/li>\n<\/ol>\n<ol style=\"text-align: justify;\" start=\"4\">\n<li><span style=\"font-family: Arial, serif;\"><span style=\"font-size: medium;\"><span lang=\"fr-FR\"><b>Coordonn\u00e9es : <\/b>Introduis<\/span><span lang=\"fr-FR\">\u00a0ton nom, courriel et num\u00e9ro de t\u00e9l\u00e9phone (optionnel) afin que Foundspot puisse se mettre en contact avec toi.<\/span><\/span><\/span><\/li>\n<\/ol>\n<p style=\"text-align: justify;\"><a name=\"_GoBack\"><\/a> <span style=\"font-family: Arial, serif;\"><span style=\"font-size: medium;\"><span lang=\"fr-FR\"><b>Et\u2026 voil\u00e0 !<\/b><\/span><\/span><\/span><b> <\/b><span style=\"font-family: Arial, serif;\"><span style=\"font-size: medium;\"><span lang=\"fr-FR\">Foundspot t\u2019indiquera en temps r\u00e9el s\u2019il existe quelqu\u2019un qui a perdu ou trouv\u00e9 ton objet ou ton animal de compagnie afin que tu puisses le contacter.<\/span><\/span><\/span><\/p>\n<p>[\/vc_column_text][\/vc_column][vc_column width=\u00a0\u00bb1\/2&Prime;]<div class=\"ult-spacer spacer-69f3d44c90a35\" data-id=\"69f3d44c90a35\" data-height=\"19\" data-height-mobile=\"19\" data-height-tab=\"19\" data-height-tab-portrait=\"\" data-height-mobile-landscape=\"\" style=\"clear:both;display:block;\"><\/div>[vc_single_image image=\u00a0\u00bb1227&Prime; img_size=\u00a0\u00bb559*314&Prime; alignment=\u00a0\u00bbcenter\u00a0\u00bb][\/vc_column][\/vc_row][vc_row margin_top=\u00a0\u00bb-50px\u00a0\u00bb full_width_row=\u00a0\u00bbtrue\u00a0\u00bb][vc_column width=\u00a0\u00bb1\/2&Prime; css=\u00a0\u00bb.vc_custom_1591698359170{margin-top: 0px !important;margin-bottom: 0px !important;border-top-width: 0px !important;border-bottom-width: 0px !important;padding-top: 0px !important;padding-bottom: 0px !important;background-color: #ffffff !important;}\u00a0\u00bb][vc_column_text el_class=\u00a0\u00bbapp-button app-button-lost\u00a0\u00bb css=\u00a0\u00bb.vc_custom_1591698400836{margin-top: 0px !important;margin-bottom: 0px !important;border-top-width: 0px !important;border-bottom-width: 0px !important;padding-top: 0px !important;padding-bottom: 0px !important;}\u00a0\u00bb]<a href=\"\/plataforma\/fr\/object\/lost\" target=\"_blank\" rel=\"noopener noreferrer\">J&rsquo;AI PERDU<\/a>[\/vc_column_text][\/vc_column][vc_column width=\u00a0\u00bb1\/2&Prime; css=\u00a0\u00bb.vc_custom_1591698343189{margin-top: 0px !important;margin-bottom: 50px !important;border-top-width: 0px !important;padding-top: 0px !important;background-color: #ffffff !important;}\u00a0\u00bb][vc_column_text el_class=\u00a0\u00bbapp-button app-button-found\u00a0\u00bb css=\u00a0\u00bb.vc_custom_1591698422860{margin-top: 0px !important;margin-bottom: 0px !important;border-top-width: 0px !important;border-bottom-width: 0px !important;padding-top: 0px !important;padding-bottom: 0px !important;}\u00a0\u00bb]<a href=\"\/plataforma\/fr\/object\/found\" target=\"_blank\" rel=\"noopener noreferrer\">J&rsquo;AI TROUV\u00c9<\/a>[\/vc_column_text][\/vc_column][\/vc_row][vc_row type=\u00a0\u00bb1&Prime; bg_position=\u00a0\u00bbcenter\u00a0\u00bb bg_cover=\u00a0\u00bbtrue\u00a0\u00bb bg_attachment=\u00a0\u00bbtrue\u00a0\u00bb bg_type=\u00a0\u00bbimage\u00a0\u00bb parallax_style=\u00a0\u00bbvcpb-default\u00a0\u00bb bg_image_new=\u00a0\u00bb219|http:\/\/www.foundspot.com\/corp\/wp-content\/uploads\/2016\/04\/A-3.-Pendiente-I.jpg\u00a0\u00bb bg_image_repeat=\u00a0\u00bbno-repeat\u00a0\u00bb bg_override=\u00a0\u00bbfull\u00a0\u00bb bg_image=\u00a0\u00bbhttps:\/\/www.foundspot.com\/wp-content\/uploads\/2019\/06\/Disen\u0303o-sin-ti\u0301tulo.png\u00a0\u00bb css=\u00a0\u00bb.vc_custom_1591698483829{background-image: url(https:\/\/www.foundspot.com\/wp-content\/uploads\/2019\/06\/Disen\u0303o-sin-ti\u0301tulo.png?id=) !important;}\u00a0\u00bb][vc_column width=\u00a0\u00bb1\/2&Prime;]<div class=\"ult-spacer spacer-69f3d44c90aa0\" data-id=\"69f3d44c90aa0\" data-height=\"100\" data-height-mobile=\"100\" data-height-tab=\"100\" data-height-tab-portrait=\"\" data-height-mobile-landscape=\"\" style=\"clear:both;display:block;\"><\/div>[vc_tta_accordion style=\u00a0\u00bbmodern\u00a0\u00bb spacing=\u00a0\u00bb5&Prime; gap=\u00a0\u00bb5&Prime; c_align=\u00a0\u00bbcenter\u00a0\u00bb c_icon=\u00a0\u00bbchevron\u00a0\u00bb active_section=\u00a0\u00bb-1&Prime; collapsible_all=\u00a0\u00bbtrue\u00a0\u00bb][vc_tta_section title=\u00a0\u00bbPourquoi Foundspot est-il ici ?\u00a0\u00bb tab_id=\u00a0\u00bb1449750321034-2de6acef-b552&Prime;][vc_column_text]<\/p>\n<p style=\"text-align: justify;\"><span lang=\"fr-FR\">Foundspot est une \u00e9nergie qui est \u00e0 l\u2019int\u00e9rieur de tous. Cette \u00e9nergie qui fait que nous nous aidons les uns les autres. Foundspot veut contribuer \u00e0 am\u00e9liorer la vie du plus grand nombre.<\/span><\/p>\n<p>[\/vc_column_text][\/vc_tta_section][vc_tta_section title=\u00a0\u00bbQue fait Foundspot?\u00a0\u00bb tab_id=\u00a0\u00bb1449750321265-7e98fc72-c7cf\u00a0\u00bb][vc_column_text]<\/p>\n<p style=\"text-align: justify;\"><span lang=\"fr-FR\">Foundspot est un service qui aide \u00e0 mettre en relation les personnes qui ont perdu un objet et celles qui ont trouv\u00e9 ce m\u00eame objet. <\/span><\/p>\n<p>[\/vc_column_text][\/vc_tta_section][vc_tta_section title=\u00a0\u00bbQui est derri\u00e8re Foundspot?\u00a0\u00bb tab_id=\u00a0\u00bb1449750372140-e87a7c4e-fd79&Prime;][vc_column_text]<\/p>\n<p style=\"text-align: justify;\"><span lang=\"fr-FR\">Derri\u00e8re Foundspot, il y a tous ceux qui ressentent cette \u00e9nergie. Mais nous sommes quatre amis (David, Jos\u00e9, Manu et Nacho) qui avons rassembl\u00e9 nos forces pour coordonner et focaliser cette \u00e9nergie. De plus, nous avons de par le monde entier de nombreux amis qui nous aident \u00e0 canaliser cette \u00e9nergie et \u00e0 diffuser le message. Merci \u00e0 vous tous\u00a0! <\/span><\/p>\n<p>[\/vc_column_text][\/vc_tta_section][vc_tta_section title=\u00a0\u00bbComment fonctionne Foundspot?\u00a0\u00bb tab_id=\u00a0\u00bb1449750373419-4075e225-5ba1&Prime;][vc_column_text]<\/p>\n<ol>\n<li>\n<p style=\"text-align: justify;\"><span lang=\"fr-FR\">Une personne perd un objet ou un animal de compagnie et en fait part \u00e0 Foundspot en indiquant Quoi ?, <\/span><span lang=\"en-US\">O\u00f9 ? et Quand ? <\/span><\/p>\n<\/li>\n<li style=\"text-align: justify;\"><span lang=\"fr-FR\">Une autre personne trouve cet objet ou cet animal de compagnie et en fait part elle aussi \u00e0 Foundspot en r\u00e9pondant aux m\u00eames questions.<\/span><\/li>\n<li>\n<p style=\"text-align: justify;\"><span lang=\"fr-FR\">Foundspot les met en relation afin qu\u2019elles puissent se rencontrer. <\/span><\/p>\n<\/li>\n<\/ol>\n<p>[\/vc_column_text][\/vc_tta_section][vc_tta_section title=\u00a0\u00bbComment Foundspot se finance-t-il?\u00a0\u00bb tab_id=\u00a0\u00bb1449750438436-4b81c5ca-4d91&Prime;][vc_column_text]<\/p>\n<p style=\"text-align: justify;\"><span lang=\"fr-FR\">Nos sources de financement sont les dons apport\u00e9es par les utilisateurs et les entr\u00e9es publicitaires. Avec ces entr\u00e9es d\u2019argent, sont pay\u00e9es toutes les factures, les salaires du personnel, la maintenance du syst\u00e8me et les projets d\u2019am\u00e9lioration et de diffusion du message. <\/span><\/p>\n<p style=\"text-align: justify;\"><span lang=\"fr-FR\">30% des b\u00e9n\u00e9fices g\u00e9n\u00e9r\u00e9s sont int\u00e9gralement revers\u00e9s \u00e0 des projets sociaux \u00e0 caract\u00e8re local et international qui servent \u00e0 soutenir des personnes dans le besoin ; ainsi nous contribuons \u00e0 am\u00e9liorer le monde dans lequel nou<\/span><span lang=\"fr-FR\">s vivons.<\/span><\/p>\n<p>[\/vc_column_text][\/vc_tta_section][vc_tta_section title=\u00a0\u00bbUn peu plus \u00e0 propos de Foundspot\u00a0\u00bb tab_id=\u00a0\u00bb1449750886314-bcfb164a-03ca\u00a0\u00bb][vc_column_text]<\/p>\n<p style=\"text-align: justify;\"><span lang=\"fr-FR\"><strong>La mission :<\/strong> <\/span><\/p>\n<p style=\"text-align: justify;\"><span lang=\"fr-FR\">Foundspot est un service gratuit pour que les personnes r\u00e9cup\u00e8rent des objets ou des mascottes perdus, de mani\u00e8re simple et rapide<\/span><\/p>\n<p style=\"text-align: justify;\"><span lang=\"fr-FR\">Son utilisation aide \u00e0 recueillir des fonds pour des projets sociaux qui ont pour but d\u2019aider un grand nombre de gens \u00e0 am\u00e9liorer leur qualit\u00e9 de vie, ou m\u00eame parfois simplement qui les aide \u00e0 vivre. <\/span><\/p>\n<p>[\/vc_column_text][vc_empty_space height=\u00a0\u00bb10px\u00a0\u00bb][vc_column_text]<\/p>\n<p style=\"text-align: justify;\"><span lang=\"fr-FR\"><strong>Vision :<\/strong> <\/span><\/p>\n<p style=\"text-align: justify;\"><span lang=\"fr-FR\">Nous imaginons un monde dans lequel Foundspot est tr\u00e8s pr\u00e9sent en chacun et qui est une r\u00e9f\u00e9rence mondiale dans la mise en relation de personnes pour retrouver des objets perdus. Nous pouvons voir une multitude de gens heureux parce que nous avons pu les aider d\u2019une certaine mani\u00e8re \u00e0 travers les diff\u00e9rents projets dans lesquels Foundspot a pu collaborer. <\/span><\/p>\n<p>[\/vc_column_text][vc_empty_space height=\u00a0\u00bb10px\u00a0\u00bb][vc_column_text]<\/p>\n<p style=\"text-align: justify;\"><a name=\"_GoBack\"><\/a><strong> Valeurs:<\/strong><\/p>\n<ol>\n<li style=\"text-align: justify;\"><span lang=\"fr-FR\">Nous croyons dans les personnes : <\/span><span lang=\"fr-FR\">cette philosophie est la base de notre projet. Notre objectif est d\u2019aider les personnes et nous y parvenons gr\u00e2ce \u00e0 la collaboration altruiste de nombreuses personnes. Le syst\u00e8me s\u2019autoalimente<\/span><span lang=\"fr-FR\">.<\/span><\/li>\n<li style=\"text-align: justify;\"><span lang=\"fr-FR\"> L\u2019aide sociale comme moyen et comme fin<\/span><span lang=\"fr-FR\">\u00a0: La collaboration dans diff\u00e9rents projets sociaux locaux et internationaux.<\/span><\/li>\n<li style=\"text-align: justify;\"><span lang=\"fr-FR\">La coh\u00e9rence de nos principes<\/span><span lang=\"fr-FR\">\u00a0: une gestion exemplaire et transparente o\u00f9 sont accomplis tous les pr\u00e9requis l\u00e9gaux et m\u00e9dio ambiants.<\/span><\/li>\n<\/ol>\n<p>[\/vc_column_text][\/vc_tta_section][\/vc_tta_accordion][\/vc_column][vc_column width=\u00a0\u00bb1\/2&Prime; css=\u00a0\u00bb.vc_custom_1464780184031{padding-top: 15px !important;padding-right: 15px !important;padding-bottom: 15px !important;padding-left: 15px !important;border-radius: 10px !important;}\u00a0\u00bb][vc_row_inner css=\u00a0\u00bb.vc_custom_1464781592633{padding-top: 10px !important;padding-right: 10px !important;padding-bottom: 10px !important;padding-left: 10px !important;background-color: rgba(224,224,224,0.19) !important;*background-color: rgb(224,224,224) !important;border-radius: 10px !important;}\u00a0\u00bb el_class=\u00a0\u00bbdonaciones_columna\u00a0\u00bb][vc_column_inner]<div class=\"dt-fancy-separator h3-size style-disabled\" style=\"width: 100%;\"><div class=\"dt-fancy-title\" style=\"color: #000000;\"><span class=\"separator-holder separator-left\"><\/span>Collabore avec Foundspot<span class=\"separator-holder separator-right\"><\/span><\/div><\/div>[vc_empty_space height=\u00a0\u00bb10px\u00a0\u00bb][vc_column_text css=\u00a0\u00bb.vc_custom_1560428748841{margin-top: 10px !important;margin-right: 10px !important;margin-bottom: 10px !important;margin-left: 10px !important;border-top-width: 1px !important;border-right-width: 1px !important;border-bottom-width: 1px !important;border-left-width: 1px !important;padding-top: 15px !important;padding-right: 15px !important;padding-bottom: 15px !important;padding-left: 15px !important;background-color: rgba(214,214,214,0.01) !important;*background-color: rgb(214,214,214) !important;border-left-color: #770303 !important;border-left-style: solid !important;border-right-color: #770303 !important;border-right-style: solid !important;border-top-color: #770303 !important;border-top-style: solid !important;border-bottom-color: #770303 !important;border-bottom-style: solid !important;border-radius: 10px !important;}\u00a0\u00bb]<\/p>\n<ol>\n<li>\n<p style=\"text-align: justify;\" align=\"justify\"><span lang=\"fr-FR\" style=\"color: #000000;\">C\u2019est une fa\u00e7on de remercier le service offert par la plate-forme. Ainsi, FoundSpot pourra continuer \u00e0 aider d\u2019autres personnes \u00e0 retrouver ce qu\u2019elles cherchent.<\/span><\/p>\n<\/li>\n<li style=\"text-align: justify;\">\n<p align=\"justify\"><span lang=\"fr-FR\" style=\"color: #000000;\">Afin de faire conna\u00eetre FoundSpot.<\/span><\/p>\n<\/li>\n<li>\n<p style=\"text-align: justify;\" align=\"justify\"><span lang=\"fr-FR\" style=\"color: #000000;\">Pour contribuer aux projets sociaux en faveur de ceux qui en ont le plus besoin.<\/span><\/p>\n<\/li>\n<\/ol>\n<p>[\/vc_column_text][\/vc_column_inner][\/vc_row_inner]<div class=\"ult-spacer spacer-69f3d44c90b60\" data-id=\"69f3d44c90b60\" data-height=\"50\" data-height-mobile=\"50\" data-height-tab=\"50\" data-height-tab-portrait=\"\" data-height-mobile-landscape=\"\" style=\"clear:both;display:block;\"><\/div><div class=\" ubtn-ctn-center \"><a class=\"ubtn-link ult-adjust-bottom-margin ubtn-center ubtn-small \" href=\"\/fr\/colabora\/\" ><button type=\"button\" id=\"ubtn-6420\"  class=\"ubtn ult-adjust-bottom-margin ult-responsive ubtn-small ubtn-fade-bg  none  ubtn-center   tooltip-69f3d44c90bc8\"  data-hover=\"#ffffff\" data-border-color=\"\" data-bg=\"#5bcadd\" data-hover-bg=\"#9bd4dd\" data-border-hover=\"\" data-shadow-hover=\"\" data-shadow-click=\"none\" data-shadow=\"\" data-shd-shadow=\"\"  data-ultimate-target='#ubtn-6420'  data-responsive-json-new='{\"font-size\":\"desktop:20px;\",\"line-height\":\"\"}'  style=\"font-weight:normal;border:none;background: #5bcadd;color: #ffffff;\"><span class=\"ubtn-data ubtn-icon\"><i class=\"none\" style=\"font-size:22px;color:;\"><\/i><\/span><span class=\"ubtn-hover\" style=\"background-color:#9bd4dd\"><\/span><span class=\"ubtn-data ubtn-text \" >Collaborer<\/span><\/button><\/a><\/div>[\/vc_column][\/vc_row]<\/p>\n<\/div>","protected":false},"excerpt":{"rendered":"<p>[vc_row full_width=\u00a0\u00bbtrue\u00a0\u00bb anchor=\u00a0\u00bb#foundspot\u00a0\u00bb][vc_column][vc_column_text css=\u00a0\u00bb.vc_custom_1549976757391{margin-bottom: 0px !important;}\u00a0\u00bb] Qu&rsquo;est-ce que ? [\/vc_column_text][\/vc_column][\/vc_row][vc_row margin_top=\u00a0\u00bb50px\u00a0\u00bb margin_bottom=\u00a0\u00bb50px\u00a0\u00bb min_height=\u00a0\u00bb50%\u00a0\u00bb][vc_column width=\u00a0\u00bb1\/2&Prime;][vc_empty_space height=\u00a0\u00bb45px\u00a0\u00bb][vc_single_image image=\u00a0\u00bb576&Prime; img_size=\u00a0\u00bb559*362&Prime; alignment=\u00a0\u00bbcenter\u00a0\u00bb][vc_empty_space height=\u00a0\u00bb5px\u00a0\u00bb][\/vc_column][vc_column width=\u00a0\u00bb1\/2&Prime;][vc_empty_space height=\u00a0\u00bb37px\u00a0\u00bb][vc_column_text] Retrouve quelque chose que tu as perdu ou aide quelqu&rsquo;un \u00e0 retrouver un objet perdu Everything lost can be found:\u00a0Foundspot est un service gratuit pour mettre en contact des personnes du monde entier qui&hellip;<\/p>\n","protected":false},"author":1,"featured_media":0,"parent":0,"menu_order":0,"comment_status":"closed","ping_status":"closed","template":"","meta":{"content-type":"","footnotes":""},"class_list":["post-1232","page","type-page","status-publish","hentry","description-off"],"_links":{"self":[{"href":"https:\/\/www.foundspot.com\/fr\/wp-json\/wp\/v2\/pages\/1232","targetHints":{"allow":["GET"]}}],"collection":[{"href":"https:\/\/www.foundspot.com\/fr\/wp-json\/wp\/v2\/pages"}],"about":[{"href":"https:\/\/www.foundspot.com\/fr\/wp-json\/wp\/v2\/types\/page"}],"author":[{"embeddable":true,"href":"https:\/\/www.foundspot.com\/fr\/wp-json\/wp\/v2\/users\/1"}],"replies":[{"embeddable":true,"href":"https:\/\/www.foundspot.com\/fr\/wp-json\/wp\/v2\/comments?post=1232"}],"version-history":[{"count":19,"href":"https:\/\/www.foundspot.com\/fr\/wp-json\/wp\/v2\/pages\/1232\/revisions"}],"predecessor-version":[{"id":2190,"href":"https:\/\/www.foundspot.com\/fr\/wp-json\/wp\/v2\/pages\/1232\/revisions\/2190"}],"wp:attachment":[{"href":"https:\/\/www.foundspot.com\/fr\/wp-json\/wp\/v2\/media?parent=1232"}],"curies":[{"name":"wp","href":"https:\/\/api.w.org\/{rel}","templated":true}]}}