{"id":8,"date":"2015-12-10T11:16:33","date_gmt":"2015-12-10T11:16:33","guid":{"rendered":"http:\/\/www.foundspot.com\/corp\/?page_id=8"},"modified":"2015-12-10T11:37:57","modified_gmt":"2015-12-10T11:37:57","slug":"foundspot","status":"publish","type":"page","link":"https:\/\/www.foundspot.com\/es\/foundspot\/","title":{"rendered":"Foundspot"},"content":{"rendered":"<div class=\"wpb-content-wrapper\"><p>[vc_row][vc_column]<div class=\"dt-fancy-separator h2-size style-disabled accent-title-color\" style=\"width: 100%;\"><div class=\"dt-fancy-title\"><span class=\"separator-holder separator-left\"><\/span>FOUNDSPOT<span class=\"separator-holder separator-right\"><\/span><\/div><\/div>[vc_empty_space height=\u00bb30px\u00bb][vc_column_text]Todo lo que puedes perder, lo puedes encontrar: Foundspot es una herramienta web gratuita que conecta a personas en cualquier parte del mundo que han perdido o encontrado un objeto perdido o ser vivo.<\/p>\n<p>Foundspot est\u00e1 en ti: Foundspot no es s\u00f3lo un servicio para ayudar a las personas: Foundspot es una energ\u00eda. Es una fuerza que todos tenemos dentro y que nos lleva a ayudar a los dem\u00e1s.<\/p>\n<p>Foundspot no s\u00f3lo te ayuda a ponerte en contacto con alguien que encontr\u00f3 lo que hab\u00edas perdido, sino que adem\u00e1s usa el 30% de los beneficios, obtenidos mediante donaciones y publicidad, en obras sociales para ayudar a m\u00e1s gente que lo necesita.[\/vc_column_text][\/vc_column][\/vc_row]<\/p>\n<\/div>","protected":false},"excerpt":{"rendered":"<p>[vc_row][vc_column][vc_empty_space height=\u00bb30px\u00bb][vc_column_text]Todo lo que puedes perder, lo puedes encontrar: Foundspot es una herramienta web gratuita que conecta a personas en cualquier parte del mundo que han perdido o encontrado un objeto perdido o ser vivo. Foundspot est\u00e1 en ti: Foundspot no es s\u00f3lo un servicio para ayudar a las personas: Foundspot es una energ\u00eda. Es&hellip;<\/p>\n","protected":false},"author":1,"featured_media":0,"parent":0,"menu_order":0,"comment_status":"closed","ping_status":"closed","template":"","meta":{"content-type":"","footnotes":""},"class_list":["post-8","page","type-page","status-publish","hentry","description-off"],"_links":{"self":[{"href":"https:\/\/www.foundspot.com\/es\/wp-json\/wp\/v2\/pages\/8","targetHints":{"allow":["GET"]}}],"collection":[{"href":"https:\/\/www.foundspot.com\/es\/wp-json\/wp\/v2\/pages"}],"about":[{"href":"https:\/\/www.foundspot.com\/es\/wp-json\/wp\/v2\/types\/page"}],"author":[{"embeddable":true,"href":"https:\/\/www.foundspot.com\/es\/wp-json\/wp\/v2\/users\/1"}],"replies":[{"embeddable":true,"href":"https:\/\/www.foundspot.com\/es\/wp-json\/wp\/v2\/comments?post=8"}],"version-history":[{"count":2,"href":"https:\/\/www.foundspot.com\/es\/wp-json\/wp\/v2\/pages\/8\/revisions"}],"predecessor-version":[{"id":24,"href":"https:\/\/www.foundspot.com\/es\/wp-json\/wp\/v2\/pages\/8\/revisions\/24"}],"wp:attachment":[{"href":"https:\/\/www.foundspot.com\/es\/wp-json\/wp\/v2\/media?parent=8"}],"curies":[{"name":"wp","href":"https:\/\/api.w.org\/{rel}","templated":true}]}}