{"id":668,"date":"2016-07-22T08:43:19","date_gmt":"2016-07-22T08:43:19","guid":{"rendered":"http:\/\/www.foundspot.com\/corp\/es\/?page_id=668"},"modified":"2026-01-07T10:51:00","modified_gmt":"2026-01-07T10:51:00","slug":"politica-de-cookies","status":"publish","type":"page","link":"https:\/\/www.foundspot.com\/es\/politica-de-cookies\/","title":{"rendered":"Pol\u00edtica de cookies"},"content":{"rendered":"\n<h2 class=\"wp-block-heading\">1. AVISO COOKIES Y PANEL DE CONFIGURACI\u00d3N<\/h2>\n\n\n\n<h3 class=\"wp-block-heading\">1.1. BANNER<\/h3>\n\n\n\n<p>Este Sitio Web utiliza cookies propias y de terceros para facilitar tu navegaci\u00f3n en la Plataforma y conocer tus h\u00e1bitos de navegaci\u00f3n.<\/p>\n\n\n\n<p>El objetivo de esta pol\u00edtica es informar a los interesados acerca de las cookies que emplea esta p\u00e1gina web, de conformidad con lo establecido en la Ley 34\/2002, de 11 de julio, de Servicios de la Sociedad de la Informaci\u00f3n y de Comercio Electr\u00f3nico, y el Reglamento (UE) 2016\/679 del Parlamento Europeo y del Consejo de 27 de abril de 2016.<\/p>\n\n\n\n<h2 class=\"wp-block-heading\">2. POL\u00cdTICA EXTENSA<\/h2>\n\n\n\n<h3 class=\"wp-block-heading\">2.1. USO DE COOKIES. \u00bfQU\u00c9 SON LAS COOKIES?<\/h3>\n\n\n\n<p>Las cookies son ficheros que se descargan en su ordenador, smartphone o tablet al acceder a determinadas p\u00e1ginas web, que Las cookies son ficheros que se descargan en su Ordenador, Smartphone o Tablet al acceder a determinadas p\u00e1ginas web, que almacenan y recuperan informaci\u00f3n cuando navegas. La utilizaci\u00f3n de cookies ofrece numerosas ventajas en la prestaci\u00f3n de servicios de la Sociedad de la Informaci\u00f3n, puesto que, entre otras:<\/p>\n\n\n\n<p>(a) facilita la navegaci\u00f3n del usuario en el Sitio Web;<\/p>\n\n\n\n<p>(b) facilita al usuario el acceso a los diferentes servicios que ofrece el Sitio Web;<\/p>\n\n\n\n<p>(c) evita al usuario volver a configurar las caracter\u00edsticas generales predefinidas cada vez que accede al Sitio Web;<\/p>\n\n\n\n<p>(d) favorece la mejora del funcionamiento y de los servicios prestados a trav\u00e9s del Sitio Web, tras el correspondiente an\u00e1lisis de la informaci\u00f3n obtenida a trav\u00e9s de las cookies instaladas;<\/p>\n\n\n\n<p>(e) permiten a un Sitio Web, entre otras cosas, almacenar y recuperar informaci\u00f3n sobre los h\u00e1bitos de navegaci\u00f3n de un usuario o de su equipo y, dependiendo de la informaci\u00f3n que contengan y de la forma en que utilice su equipo, pueden utilizarse para reconocer al usuario.<\/p>\n\n\n\n<p>La mayor\u00eda de los navegadores aceptan como est\u00e1ndar las cookies y, con independencia de las mismas, permiten o impiden en los ajustes de seguridad las cookies temporales o memorizadas. Tenga en cuenta que, para poder utilizar y contar con una mejor experiencia de navegaci\u00f3n, es necesario que tenga habilitadas las cookies, especialmente aquellas de car\u00e1cter t\u00e9cnico que resultan necesarias para que puedan identificarle como usuario registrado cada vez que acceda a la presente web. En caso de no querer recibir cookies, puede, configure su navegador de internet, para que las borre del disco duro de su ordenador, las bloquee o le avise en su caso de instalaci\u00f3n de las mismas.<\/p>\n\n\n\n<h3 class=\"wp-block-heading\">2.2. \u00bfQU\u00c9 TIPOS DE COOKIES UTILIZA ESTA P\u00c1GINA WEB?<\/h3>\n\n\n\n<p>Con el fin de proporcionarle la m\u00e1xima informaci\u00f3n posible, en primer lugar, procedemos a realizar una clasificaci\u00f3n de las cookies, en funci\u00f3n de una serie de categor\u00edas:<\/p>\n\n\n\n<p>Tipos de cookies seg\u00fan la entidad que las gestione:<\/p>\n\n\n\n<p>a) <strong>Cookies Propias:<\/strong><\/p>\n\n\n\n<p>Son aquellas de las que es responsable el propio editor y que, generalmente, se env\u00edan al equipo terminal del usuario desde un equipo o dominio gestionado por el propio editor y desde el que se presta el servicio solicitado por el usuario.<\/p>\n\n\n\n<p>b) <strong>Cookies de terceros:<\/strong><\/p>\n\n\n\n<p>Son aquellas de las que es responsable una entidad distinta del editor y que, generalmente, se env\u00edan al equipo terminal del usuario desde un equipo o dominio que no es gestionado por el editor, sino por otra entidad que trata los datos obtenidos a trav\u00e9s de las cookies.<\/p>\n\n\n\n<p><strong>Tipos de cookies seg\u00fan su finalidad:<\/strong><\/p>\n\n\n\n<p>a) <strong>Cookies t\u00e9cnicas:<\/strong> son aquellas que permiten al usuario la navegaci\u00f3n a trav\u00e9s de una p\u00e1gina web, plataforma o aplicaci\u00f3n y la utilizaci\u00f3n de las diferentes opciones o servicios que en ella existan, incluyendo aquellas que el editor utiliza para permitir la gesti\u00f3n y operativa de la p\u00e1gina web y habilitar sus funciones y servicios, como, por ejemplo, controlar el tr\u00e1fico y la comunicaci\u00f3n de datos, identificar la sesi\u00f3n, acceder a partes de acceso restringido, realizar el proceso de compra, realizar, almacenar contenidos, para la difusi\u00f3n de v\u00eddeos o sonido, habilitar contenidos din\u00e1micos, etc.).<\/p>\n\n\n\n<p>b) <strong>Cookies de preferencias o personalizaci\u00f3n:<\/strong> son aquellas que permiten recordar informaci\u00f3n para que el usuario acceda al servicio con determinadas caracter\u00edsticas que pueden diferenciar su experiencia de la de otros usuarios, como, por ejemplo, el idioma, el n\u00famero de resultados a mostrar cuando el usuario realiza una b\u00fasqueda, etc.<\/p>\n\n\n\n<p>c) <strong>Cookies de an\u00e1lisis o medici\u00f3n:<\/strong> son aquellas que permiten al responsable de las mismas el seguimiento y an\u00e1lisis del comportamiento de los usuarios de los sitios web a los que est\u00e1n vinculadas, incluida la cuantificaci\u00f3n de los impactos de los anuncios.<\/p>\n\n\n\n<p>d) <strong>Cookies de publicidad comportamental:<\/strong> son aquellas que almacenan informaci\u00f3n del comportamiento de los usuarios obtenida a trav\u00e9s de la observaci\u00f3n continuada de sus h\u00e1bitos de navegaci\u00f3n, lo que permite desarrollar un perfil espec\u00edfico para mostrar publicidad en funci\u00f3n del mismo.<\/p>\n\n\n\n<p>Tipos de cookies seg\u00fan el plazo de tiempo que permanecen activadas:<\/p>\n\n\n\n<p>a) <strong>Cookies de sesi\u00f3n:<\/strong> son aquellas dise\u00f1adas para recabar y almacenar datos mientras el usuario accede a una p\u00e1gina web. Se suelen emplear para almacenar informaci\u00f3n que solo interesa conservar para la prestaci\u00f3n del servicio solicitado por el usuario en una sola ocasi\u00f3n (por ejemplo, una lista de productos adquiridos) y desaparecen al terminar la sesi\u00f3n.<\/p>\n\n\n\n<p>b) <strong>Cookies persistentes:<\/strong> son aquellas en las que los datos siguen almacenados en el terminal y pueden ser accedidos y tratados durante un periodo definido por el responsable de la cookie, y que puede ir de unos minutos a varios a\u00f1os.<\/p>\n\n\n\n<p>A continuaci\u00f3n, detallamos la lista de las cookies que utilizamos:<\/p>\n\n\n\n<h3 class=\"wp-block-heading\">Necesarias<\/h3>\n\n\n\n<p>Las cookies necesarias son cruciales para las funciones b\u00e1sicas del sitio web y el sitio web no funcionar\u00e1 de la forma prevista sin ellas.Estas cookies no almacenan ning\u00fan dato de identificaci\u00f3n personal.<\/p>\n\n\n\n<figure class=\"wp-block-table\"><table class=\"has-fixed-layout\"><thead><tr><th class=\"has-text-align-left\" data-align=\"left\">Cookie<\/th><th class=\"has-text-align-left\" data-align=\"left\">Duraci\u00f3n<\/th><th class=\"has-text-align-left\" data-align=\"left\">Descripci\u00f3n<\/th><\/tr><\/thead><tbody><tr><td class=\"has-text-align-left\" data-align=\"left\">_icl_current_language<\/td><td class=\"has-text-align-left\" data-align=\"left\">1 d\u00eda<\/td><td class=\"has-text-align-left\" data-align=\"left\">Esta cookie es almacenada por el plugin de WordPress WPML. El prop\u00f3sito de la cookie es almacenar el idioma actual.<\/td><\/tr><tr><td class=\"has-text-align-left\" data-align=\"left\">_icl_visitor_lang_js<\/td><td class=\"has-text-align-left\" data-align=\"left\">1 d\u00eda<\/td><td class=\"has-text-align-left\" data-align=\"left\">WPML establece esta cookie para almacenar el idioma redirigido.<\/td><\/tr><tr><td class=\"has-text-align-left\" data-align=\"left\">PHPSESSID<\/td><td class=\"has-text-align-left\" data-align=\"left\">sesi\u00f3n<\/td><td class=\"has-text-align-left\" data-align=\"left\">Esta cookie es originaria de las aplicaciones PHP. La cookie almacena e identifica el ID de sesi\u00f3n \u00fanico de un usuario para gestionar las sesiones de los usuarios en el sitio web. La cookie es de sesi\u00f3n y se borrar\u00e1 cuando se cierren todas las ventanas del navegador.<\/td><\/tr><tr><td class=\"has-text-align-left\" data-align=\"left\">XSRF-TOKEN<\/td><td class=\"has-text-align-left\" data-align=\"left\">2 horas<\/td><td class=\"has-text-align-left\" data-align=\"left\">Se utiliza para prevenir ataques CSRF (del ingl\u00e9s Cross-site request forgery o falsificaci\u00f3n de petici\u00f3n en sitios cruzados)<\/td><\/tr><tr><td class=\"has-text-align-left\" data-align=\"left\">foundspot_session<\/td><td class=\"has-text-align-left\" data-align=\"left\">sesi\u00f3n<\/td><td class=\"has-text-align-left\" data-align=\"left\">Se utiliza para identificar la sesi\u00f3n de navegaci\u00f3n del usuario<\/td><\/tr><\/tbody><\/table><\/figure>\n\n\n\n<h3 class=\"wp-block-heading\">Funcionales<\/h3>\n\n\n\n<p>Las cookies funcionales ayudan a realizar ciertas funcionalidades, como compartir el contenido del sitio web en plataformas de redes sociales, recopilar comentarios y otras caracter\u00edsticas de terceros.<\/p>\n\n\n\n<figure class=\"wp-block-table\"><table class=\"has-fixed-layout\"><thead><tr><th class=\"has-text-align-left\" data-align=\"left\">Cookie<\/th><th class=\"has-text-align-left\" data-align=\"left\">Duraci\u00f3n<\/th><th class=\"has-text-align-left\" data-align=\"left\">Descripci\u00f3n<\/th><\/tr><\/thead><tbody><tr><td class=\"has-text-align-left\" data-align=\"left\">wpEmojiSettingsSupports<\/td><td class=\"has-text-align-left\" data-align=\"left\">sesi\u00f3n<\/td><td class=\"has-text-align-left\" data-align=\"left\">WordPress establece esta cookie cuando un usuario interact\u00faa con emojis en un sitio de WordPress. Ayuda a determinar si el navegador del usuario puede mostrar emojis correctamente.<\/td><\/tr><tr><td class=\"has-text-align-left\" data-align=\"left\">_cfuvid<\/td><td class=\"has-text-align-left\" data-align=\"left\">sesi\u00f3n<\/td><td class=\"has-text-align-left\" data-align=\"left\">Esta cookie, establecida por el proveedor de CDN de HubSpot, se utiliza para respaldar las pol\u00edticas de limitaci\u00f3n de velocidad de Cloudflare.<\/td><\/tr><tr><td class=\"has-text-align-left\" data-align=\"left\">__cf_bm<\/td><td class=\"has-text-align-left\" data-align=\"left\">1 hora<\/td><td class=\"has-text-align-left\" data-align=\"left\">Esta cookie, establecida por el proveedor de CDN de HubSpot, se utiliza para la gesti\u00f3n de bots de Cloudflare.<\/td><\/tr><tr><td class=\"has-text-align-left\" data-align=\"left\">messagesUtk<\/td><td class=\"has-text-align-left\" data-align=\"left\">6 meses<\/td><td class=\"has-text-align-left\" data-align=\"left\">HubSpot sets this cookie to recognize visitors who chat via the chatflows tool.<\/td><\/tr><tr><td class=\"has-text-align-left\" data-align=\"left\">wpml_browser_redirect_test<\/td><td class=\"has-text-align-left\" data-align=\"left\">sesi\u00f3n<\/td><td class=\"has-text-align-left\" data-align=\"left\">Esta cookie es establecida por el plugin de WordPress WPML y se utiliza para probar si las cookies est\u00e1n habilitadas en el navegador.<\/td><\/tr><tr><td class=\"has-text-align-left\" data-align=\"left\">hs-messages-is-open<\/td><td class=\"has-text-align-left\" data-align=\"left\">30 minutos<\/td><td class=\"has-text-align-left\" data-align=\"left\">Esta cookie se utiliza para determinar y guardar si el widget de chat est\u00e1 abierto para visitas futuras.<\/td><\/tr><tr><td class=\"has-text-align-left\" data-align=\"left\">_GRECAPTCHA<\/td><td class=\"has-text-align-left\" data-align=\"left\">6 meses<\/td><td class=\"has-text-align-left\" data-align=\"left\">Esta cookie es utilizada por Google reCAPTCHA para distinguir entre usuarios humanos y bots en sitios web. Ayuda a prevenir el spam y otras actividades maliciosas recopilando datos sobre c\u00f3mo interact\u00faan los usuarios con los desaf\u00edos de reCAPTCHA.<\/td><\/tr><\/tbody><\/table><\/figure>\n\n\n\n<h3 class=\"wp-block-heading\">Anal\u00edticas<\/h3>\n\n\n\n<p>Las cookies anal\u00edticas se utilizan para comprender c\u00f3mo interact\u00faan los visitantes con el sitio web. Estas cookies ayudan a proporcionar informaci\u00f3n sobre m\u00e9tricas el n\u00famero de visitantes, el porcentaje de rebote, la fuente de tr\u00e1fico, etc.<\/p>\n\n\n\n<figure class=\"wp-block-table\"><table class=\"has-fixed-layout\"><thead><tr><th class=\"has-text-align-left\" data-align=\"left\">Cookie<\/th><th class=\"has-text-align-left\" data-align=\"left\">Duraci\u00f3n<\/th><th class=\"has-text-align-left\" data-align=\"left\">Descripci\u00f3n<\/th><\/tr><\/thead><tbody><tr><td class=\"has-text-align-left\" data-align=\"left\">__hssrc<\/td><td class=\"has-text-align-left\" data-align=\"left\">sesi\u00f3n<\/td><td class=\"has-text-align-left\" data-align=\"left\">Esta cookie es usada por HubSpot cuando cambia la cookie de la sesi\u00f3n. La cookie __hssrc fijada como 1 indica que el usuario ha reiniciado el navegador, y si la cookie no existe, se asume que es una nueva sesi\u00f3n.<\/td><\/tr><tr><td class=\"has-text-align-left\" data-align=\"left\">__hssc<\/td><td class=\"has-text-align-left\" data-align=\"left\">1 hora<\/td><td class=\"has-text-align-left\" data-align=\"left\">HubSpot usa esta cookie para realizar un seguimiento de las sesiones y para determinar si HubSpot deber\u00eda aumentar el n\u00famero de sesiones y las marcas horarias en la cookie __hstc.<\/td><\/tr><tr><td class=\"has-text-align-left\" data-align=\"left\">JSESSIONID<\/td><td class=\"has-text-align-left\" data-align=\"left\">sesi\u00f3n<\/td><td class=\"has-text-align-left\" data-align=\"left\">New Relic utiliza esta cookie para almacenar un identificador de sesi\u00f3n para que New Relic pueda monitorear el conteo de sesiones de una aplicaci\u00f3n.<\/td><\/tr><tr><td class=\"has-text-align-left\" data-align=\"left\">__hstc<\/td><td class=\"has-text-align-left\" data-align=\"left\">6 meses<\/td><td class=\"has-text-align-left\" data-align=\"left\">HubSpot usa esta cookie para realizar un seguimiento de los visitantes. Contiene el dominio, la marca horaria de la \u00faltima visita, la marca horaria de la visita actual y el n\u00famero de la sesi\u00f3n (incrementa por cada sesi\u00f3n posterior).<\/td><\/tr><tr><td class=\"has-text-align-left\" data-align=\"left\">hubspotutk<\/td><td class=\"has-text-align-left\" data-align=\"left\">6 meses<\/td><td class=\"has-text-align-left\" data-align=\"left\">HubSpot usa esta cookie para realizar un seguimiento de los visitantes a su p\u00e1gina web. Esta cookie se pasa a HubSpot cuando se env\u00eda el formulario y se utiliza cuando se vuelven a duplicar los contactos.<\/td><\/tr><\/tbody><\/table><\/figure>\n\n\n\n<h3 class=\"wp-block-heading\">Publicitarias<\/h3>\n\n\n\n<p>Las cookies publicitarias se utilizan para entregar a los visitantes anuncios personalizados basados \u200b\u200ben las p\u00e1ginas que visitaron antes y analizar la efectividad de la campa\u00f1a publicitaria.<\/p>\n\n\n\n<figure class=\"wp-block-table\"><table class=\"has-fixed-layout\"><thead><tr><th class=\"has-text-align-left\" data-align=\"left\">Cookie<\/th><th class=\"has-text-align-left\" data-align=\"left\">Duraci\u00f3n<\/th><th class=\"has-text-align-left\" data-align=\"left\">Descripci\u00f3n<\/th><\/tr><\/thead><tbody><tr><td class=\"has-text-align-left\" data-align=\"left\">YSC<\/td><td class=\"has-text-align-left\" data-align=\"left\">sesi\u00f3n<\/td><td class=\"has-text-align-left\" data-align=\"left\">Youtube establece esta cookie para hacer un seguimiento de las visualizaciones de los v\u00eddeos incrustados en las p\u00e1ginas de Youtube.<\/td><\/tr><tr><td class=\"has-text-align-left\" data-align=\"left\">VISITOR_INFO1_LIVE<\/td><td class=\"has-text-align-left\" data-align=\"left\">6 meses<\/td><td class=\"has-text-align-left\" data-align=\"left\">YouTube establece esta cookie para medir el ancho de banda y determinar si el usuario recibe la nueva o la antigua interfaz del reproductor.<\/td><\/tr><tr><td class=\"has-text-align-left\" data-align=\"left\">VISITOR_PRIVACY_METADATA<\/td><td class=\"has-text-align-left\" data-align=\"left\">6 meses<\/td><td class=\"has-text-align-left\" data-align=\"left\">YouTube sets this cookie to store the user&#8217;s cookie consent state for the current domain.<\/td><\/tr><\/tbody><\/table><\/figure>\n\n\n\n<p>El portal del que es titular FOUNDSPOT S.L. puede contener enlaces a sitios web de terceros, cuyas pol\u00edticas de privacidad son ajenas a la de FOUNDSPOT S.L.<\/p>\n\n\n\n<p>Al acceder a tales sitios web usted puede decidir si acepta sus pol\u00edticas de privacidad y de cookies. Con car\u00e1cter general, si navega por internet usted puede aceptar o rechazar las cookies de terceros desde las opciones de configuraci\u00f3n de su navegador.<\/p>\n\n\n\n<p>FOUNDSPOT SL no se hace responsable, en ning\u00fan caso, ni del contenido ni de la veracidad de las pol\u00edticas y\/o condiciones de uso y privacidad de los terceros.<\/p>\n\n\n\n<h3 class=\"wp-block-heading\">2.3. CONSENTIMIENTO<\/h3>\n\n\n\n<p>En relaci\u00f3n con la utilizaci\u00f3n de cookies de este sitio web, el usuario autoriza y consiente su uso de la siguiente forma:<\/p>\n\n\n\n<p>Cuando el usuario accede a cualquier p\u00e1gina de la web, ver\u00e1 un aviso donde se indica que la p\u00e1gina web de FOUNDSPOT SL utiliza cookies, pudiendo el usuario aceptar o rechazar o configurarlas mismas. Al hacer clic en aceptar, usted acepta el uso de nuestras cookies y, en su caso, las de terceros. A estos efectos, le indicamos que el panel de configuraci\u00f3n permite la posibilidad de aceptarlas o rechazarlas por tipolog\u00eda.<\/p>\n\n\n\n<h3 class=\"wp-block-heading\">2.4. PLAZOS O CRITERIOS DE CONSERVACI\u00d3N DE LOS DATOS<\/h3>\n\n\n\n<p>Los datos obtenidos a trav\u00e9s del uso de las cookies por usted seleccionadas, ser\u00e1n conservados durante el tiempo necesario para cumplir con las finalidades para los que fueron recopilados y durante el periodo de tiempo establecido en el apartado \u00abQU\u00c9 TIPOS DE<\/p>\n\n\n\n<p>COOKIES UTILIZA ESTA P\u00c1GINA WEB\u00bb de la presente pol\u00edtica, para cada una de las cookies instaladas en el dispositivo.<\/p>\n\n\n\n<h3 class=\"wp-block-heading\">2.5. \u00bfC\u00d3MO BLOQUEAR REVOCAR O ELIMINAR LAS COOKIES INSTALADAS?<\/h3>\n\n\n\n<p>Puede usted permitir, bloquear o eliminar las cookies instaladas en su equipo mediante la configuraci\u00f3n de las opciones de su navegador. Puede encontrar informaci\u00f3n sobre c\u00f3mo hacerlo, en relaci\u00f3n con los navegadores m\u00e1s comunes en los links que se incluyen a continuaci\u00f3n:<\/p>\n\n\n\n<ul class=\"wp-block-list\">\n<li>Chrome:\u00a0<a href=\"https:\/\/support.google.com\/chrome\/answer\/95647?hl=es\" target=\"_blank\" rel=\"noreferrer noopener\">Eliminar cookies en Google Chrome<\/a><\/li>\n\n\n\n<li>Edge:\u00a0<a href=\"https:\/\/privacy.microsoft.com\/es-es\/\" target=\"_blank\" rel=\"noreferrer noopener\">Eliminar cookies en Microsoft Edge<\/a><\/li>\n\n\n\n<li>Firefox:\u00a0<a href=\"https:\/\/support.mozilla.org\/es\/kb\/Borrar%20cookies\" target=\"_blank\" rel=\"noreferrer noopener\">Eliminar en Firefox<\/a><\/li>\n\n\n\n<li>Safari:\u00a0<a href=\"https:\/\/support.apple.com\/kb\/ph5042\" target=\"_blank\" rel=\"noreferrer noopener\">Eliminar cookies en Safari<\/a><\/li>\n\n\n\n<li>Opera:\u00a0<a href=\"https:\/\/help.opera.com\/en\/latest\/web-preferences\/#cookies\" target=\"_blank\" rel=\"noreferrer noopener\">Eliminar cookies en Opera<\/a><\/li>\n<\/ul>\n\n\n\n<p>Le informamos, no obstante, de la posibilidad de que la desactivaci\u00f3n de alguna cookie impida o dificulte la navegaci\u00f3n o la prestaci\u00f3n de los servicios ofrecidos en la p\u00e1gina web.<\/p>\n\n\n\n<h3 class=\"wp-block-heading\">2.6. DESTINATARIOS DE LA INFORMACI\u00d3N<\/h3>\n\n\n\n<p>Le informamos de que los proveedores detallados en la presente pol\u00edtica tienen acceso a la informaci\u00f3n obtenida a trav\u00e9s de las cookies del sitio web. Asimismo, le informamos de que algunos de nuestros proveedores, y\/o empresas colaboradoras pueden realizar transferencias a terceros pa\u00edses.<\/p>\n\n\n\n<p>A estos efectos, le recomendamos que visite sus respectivas pol\u00edticas de privacidad, las cuales se encuentran accesibles a trav\u00e9s de los enlaces facilitados en nuestra Pol\u00edtica de Privacidad, en el apartado de Complementos Y Herramientas del sitio Web.<\/p>\n\n\n\n<h3 class=\"wp-block-heading\">2.7. MODIFICACIONES. ACTUALIZACI\u00d3N<\/h3>\n\n\n\n<p>La presente pol\u00edtica de cookies puede verse modificada\/actualizada en funci\u00f3n de las exigencias legales establecidas o con la finalidad de adaptar dicha pol\u00edtica a las instrucciones dictadas por la Agencia Espa\u00f1ola de Protecci\u00f3n de Datos o por actualizaci\u00f3n de nuestro sitio web. Por esta raz\u00f3n, aconsejamos a los usuarios que visiten peri\u00f3dicamente nuestra pol\u00edtica de cook<\/p>\n\n\n\n<p>Si tiene dudas acerca de esta pol\u00edtica de cookies, puede contactar con FOUNDSPOT SL a trav\u00e9s del siguiente correo electr\u00f3nico info@foundspot.com<\/p>\n\n\n\n<p>Para obtener informaci\u00f3n adicional sobre el tratamiento de sus datos personales acuda a nuestra\u00a0<a href=\"https:\/\/www.foundspot.com\/es\/politica-privacidad\/\" target=\"_blank\" rel=\"noreferrer noopener\">Pol\u00edtica de Privacidad<\/a>.<\/p>\n\n\n\n<p><\/p>\n","protected":false},"excerpt":{"rendered":"<p>1. AVISO COOKIES Y PANEL DE CONFIGURACI\u00d3N 1.1. BANNER Este Sitio Web utiliza cookies propias y de terceros para facilitar tu navegaci\u00f3n en la Plataforma y conocer tus h\u00e1bitos de navegaci\u00f3n. El objetivo de esta pol\u00edtica es informar a los interesados acerca de las cookies que emplea esta p\u00e1gina web, de conformidad con lo establecido&hellip;<\/p>\n","protected":false},"author":1,"featured_media":0,"parent":0,"menu_order":0,"comment_status":"closed","ping_status":"closed","template":"","meta":{"content-type":"","footnotes":""},"class_list":["post-668","page","type-page","status-publish","hentry","description-off"],"_links":{"self":[{"href":"https:\/\/www.foundspot.com\/es\/wp-json\/wp\/v2\/pages\/668","targetHints":{"allow":["GET"]}}],"collection":[{"href":"https:\/\/www.foundspot.com\/es\/wp-json\/wp\/v2\/pages"}],"about":[{"href":"https:\/\/www.foundspot.com\/es\/wp-json\/wp\/v2\/types\/page"}],"author":[{"embeddable":true,"href":"https:\/\/www.foundspot.com\/es\/wp-json\/wp\/v2\/users\/1"}],"replies":[{"embeddable":true,"href":"https:\/\/www.foundspot.com\/es\/wp-json\/wp\/v2\/comments?post=668"}],"version-history":[{"count":4,"href":"https:\/\/www.foundspot.com\/es\/wp-json\/wp\/v2\/pages\/668\/revisions"}],"predecessor-version":[{"id":5085,"href":"https:\/\/www.foundspot.com\/es\/wp-json\/wp\/v2\/pages\/668\/revisions\/5085"}],"wp:attachment":[{"href":"https:\/\/www.foundspot.com\/es\/wp-json\/wp\/v2\/media?parent=668"}],"curies":[{"name":"wp","href":"https:\/\/api.w.org\/{rel}","templated":true}]}}