{"id":318,"date":"2016-06-03T10:13:06","date_gmt":"2016-06-03T10:13:06","guid":{"rendered":"http:\/\/www.foundspot.com\/corp\/?page_id=318"},"modified":"2019-06-11T07:42:39","modified_gmt":"2019-06-11T07:42:39","slug":"colabora","status":"publish","type":"page","link":"https:\/\/www.foundspot.com\/es\/colabora\/","title":{"rendered":"Colabora"},"content":{"rendered":"<div class=\"wpb-content-wrapper\"><p>[vc_row][vc_column width=\u00bb1\/3&#8243;][vc_column_text]<strong>[seamless-donations]<\/strong>[\/vc_column_text][vc_column_text]Al donar, est\u00e1s aceptando la <a href=\"http:\/\/www.foundspot.com\/corp\/es\/politica-de-donaciones\/\">pol\u00edtica de donaciones de Foundspot<\/a>[\/vc_column_text][\/vc_column][vc_column width=\u00bb2\/3&#8243;][vc_empty_space height=\u00bb30px\u00bb][vc_column_text]<\/p>\n<h3>\u00a1Gracias por colaborar con Foundspot!<\/h3>\n<p style=\"text-align: justify;\">\u00a1Gracias por colaborar con Foundspot!<br \/>\nTe agradecemos de coraz\u00f3n que quieras ayudar y formar parte de Foundspot a\u00fan m\u00e1s, y queremos recordarte las razones por las que donar a Foundspot:<\/p>\n<p><strong>1. Es una forma de agradecer el servicio que ofrece la plataforma y con ello ayudar\u00e1s a muchas m\u00e1s personas necesitadas.<\/strong><br \/>\n<strong>2. Para seguir ayudando a m\u00e1s personas a recuperar sus pertenencias perdidas.<\/strong><br \/>\n<strong>3. Colaborando, ayudar\u00e1s a gente necesitada con los fondos recaudados<br \/>\n<\/strong><br \/>\nEl 30% del beneficio generado anualmente, se dona \u00edntegramente a proyectos sociales de car\u00e1cter local e internacional. Cada a\u00f1o, nuestras donaciones, se dirigen a diferentes proyectos. En estos primeros a\u00f1os, est\u00e1n siendo destinados a <span class=\"TextRun SCXW232519946 BCX0\" lang=\"ES-ES\" xml:lang=\"ES-ES\" data-contrast=\"auto\"><span class=\"NormalTextRun SCXW232519946 BCX0\">la<\/span><\/span><span class=\"TextRun SCXW232519946 BCX0\" lang=\"ES-ES\" xml:lang=\"ES-ES\" data-contrast=\"auto\"><span class=\"NormalTextRun SCXW232519946 BCX0\">\u00a0<\/span><\/span><a class=\"Hyperlink SCXW232519946 BCX0\" href=\"https:\/\/www.foundspot.com\/corp\/es\/foundspot-colabora-con-la-ong-anawim-en-peru\/?fbclid=IwAR24UfWkMpnNTUerGIVIjHahYnz5rVVHfYMJLBC0EewWu3UT-1OL9ubd2Rk\" target=\"_blank\" rel=\"noopener noreferrer\"><span class=\"TextRun Underlined SCXW232519946 BCX0\" lang=\"ES-ES\" xml:lang=\"ES-ES\" data-contrast=\"none\"><span class=\"NormalTextRun SCXW232519946 BCX0\">ONG\u00a0<\/span><\/span><span class=\"TextRun Underlined SCXW232519946 BCX0\" lang=\"ES-ES\" xml:lang=\"ES-ES\" data-contrast=\"none\"><span class=\"NormalTextRun SCXW232519946 BCX0\">Anawim<\/span><\/span><span class=\"TextRun Underlined SCXW232519946 BCX0\" lang=\"ES-ES\" xml:lang=\"ES-ES\" data-contrast=\"none\"><span class=\"NormalTextRun SCXW232519946 BCX0\">\u00a0en Per\u00fa<\/span><\/span><\/a><span class=\"TextRun SCXW232519946 BCX0\" lang=\"ES-ES\" xml:lang=\"ES-ES\" data-contrast=\"auto\"><span class=\"NormalTextRun SCXW232519946 BCX0\">\u00a0y a la <a href=\"https:\/\/www.foundspot.com\/es\/foundspot-destina-parte-de-sus-beneficios-a-la-lucha-contra-el-cancer\/\" target=\"_blank\" rel=\"noopener noreferrer\">Asociaci\u00f3n Espa\u00f1ola Contra el C\u00e1ncer<\/a>.<\/span><\/span><span class=\"EOP SCXW232519946 BCX0\" data-ccp-props=\"{}\">\u00a0<\/span><\/p>\n<p>[\/vc_column_text][\/vc_column][\/vc_row]<\/p>\n<\/div>","protected":false},"excerpt":{"rendered":"<p>[vc_row][vc_column width=\u00bb1\/3&#8243;][vc_column_text][seamless-donations][\/vc_column_text][vc_column_text]Al donar, est\u00e1s aceptando la pol\u00edtica de donaciones de Foundspot[\/vc_column_text][\/vc_column][vc_column width=\u00bb2\/3&#8243;][vc_empty_space height=\u00bb30px\u00bb][vc_column_text] \u00a1Gracias por colaborar con Foundspot! \u00a1Gracias por colaborar con Foundspot! Te agradecemos de coraz\u00f3n que quieras ayudar y formar parte de Foundspot a\u00fan m\u00e1s, y queremos recordarte las razones por las que donar a Foundspot: 1. Es una forma de agradecer el&hellip;<\/p>\n","protected":false},"author":1,"featured_media":0,"parent":0,"menu_order":0,"comment_status":"closed","ping_status":"closed","template":"","meta":{"content-type":"","footnotes":""},"class_list":["post-318","page","type-page","status-publish","hentry","description-off"],"_links":{"self":[{"href":"https:\/\/www.foundspot.com\/es\/wp-json\/wp\/v2\/pages\/318","targetHints":{"allow":["GET"]}}],"collection":[{"href":"https:\/\/www.foundspot.com\/es\/wp-json\/wp\/v2\/pages"}],"about":[{"href":"https:\/\/www.foundspot.com\/es\/wp-json\/wp\/v2\/types\/page"}],"author":[{"embeddable":true,"href":"https:\/\/www.foundspot.com\/es\/wp-json\/wp\/v2\/users\/1"}],"replies":[{"embeddable":true,"href":"https:\/\/www.foundspot.com\/es\/wp-json\/wp\/v2\/comments?post=318"}],"version-history":[{"count":16,"href":"https:\/\/www.foundspot.com\/es\/wp-json\/wp\/v2\/pages\/318\/revisions"}],"predecessor-version":[{"id":1730,"href":"https:\/\/www.foundspot.com\/es\/wp-json\/wp\/v2\/pages\/318\/revisions\/1730"}],"wp:attachment":[{"href":"https:\/\/www.foundspot.com\/es\/wp-json\/wp\/v2\/media?parent=318"}],"curies":[{"name":"wp","href":"https:\/\/api.w.org\/{rel}","templated":true}]}}