{"id":1496,"date":"2019-02-15T09:54:33","date_gmt":"2019-02-15T09:54:33","guid":{"rendered":"http:\/\/test.www.foundspot.com\/es\/?page_id=1496"},"modified":"2019-02-15T09:55:27","modified_gmt":"2019-02-15T09:55:27","slug":"legal","status":"publish","type":"page","link":"https:\/\/www.foundspot.com\/es\/legal\/","title":{"rendered":"Condiciones generales de uso"},"content":{"rendered":"\n<p>El&nbsp;acceso de cualquier interesado a este sitio&nbsp;web&nbsp;as\u00ed como el uso de los servicios vinculados al mismo, implica que el interesado adquiere la condici\u00f3n de \u201cusuario\u201d y con dicha condici\u00f3n, una serie de derechos y obligaciones.&nbsp;<br>Para poder hacer uso de los servicios que ofrece esta web, el usuario deber\u00e1 leer los t\u00e9rminos y condiciones de uso. La utilizaci\u00f3n de los servicios de Foundspot supone la aceptaci\u00f3n expresa y plena a todos los t\u00e9rminos y condiciones de uso, as\u00ed como su Pol\u00edtica de privacidad.&nbsp;<br>Mediante este documento ponemos en su conocimiento las condiciones generales de uso de Foundspot. Es muy importante se\u00f1alar que tus datos personales exclusivamente ser\u00e1n utilizados para prestarle los servicios de Foundspot. Nunca ser\u00e1n cedidos con otros fines que no sean para que los usuarios puedan ponerse en contacto entre ellos.&nbsp;<br>El usuario de Foundspot garantiza que las notificaciones no son falsas ni fraudulentas y que no se incluyen art\u00edculos ni mascotas ilegales. Asimismo, el usuario garantiza que la utilizaci\u00f3n de los servicios de Foundspot es realizada con el fin \u00fanico de recuperar un objeto o mascota perdido o para devolver uno\/a encontrado, y no para fines il\u00edcitos o contradictorios a las condiciones generales de prestaci\u00f3n del servicio.&nbsp;<br>En ning\u00fan caso Foundspot acepta responsabilidad alguna sobre las mascotas u objetos que se notifiquen. Es responsabilidad de cada usuario de Foundspot garantizar la legitimidad de la procedencia de las mascotas u objetos notificados. En caso de que cualquier usuario utilice los servicios de Foundspot con la finalidad de apropiarse de objetos o mascotas (de procedencia l\u00edcita o il\u00edcita) o comercializar con los mismos, Foundspot se reserva el derecho de iniciar acciones legales contra dichos usuarios y\/o ponerlo en conocimiento de la autoridad competente. Cualquier condici\u00f3n o cl\u00e1usula a\u00f1adida entre las partes durante la notificaci\u00f3n, el proceso de recuperaci\u00f3n o entrega de los objetos o mascotas, establecida por escrito, verbal o cualquier otro medio, que est\u00e9 en contradicci\u00f3n o no incluida en estas condiciones generales, no tendr\u00e1 ning\u00fan efecto o validez.&nbsp;<br>&nbsp;<\/p>\n\n\n\n<p><strong>Difusi\u00f3n de las notificaciones de Foundspot:<\/strong>&nbsp;<br>El usuario de Foundspot acepta que el contenido de sus notificaciones de objetos y mascotas (nunca&nbsp;los nombres de los usuarios involucrados en dichas notificaciones salvo autorizaci\u00f3n expresa&nbsp;de los mismos) pueda ser difundido por Foundspot con fines informativos o promocionales tanto en la web, como en otros sitios web, incluyendo redes sociales y blogs.&nbsp;<br>&nbsp;<\/p>\n\n\n\n<p><strong>Responsabilidad civil:<\/strong>&nbsp;<br>El usuario de Foundspot declara y garantiza que posee la mayor\u00eda de edad legal en su pa\u00eds de origen y que alcanza el m\u00ednimo de 18 a\u00f1os.&nbsp;<br>El usuario de Foundspot admite que est\u00e1 haciendo uso del servicio bajo su propia responsabilidad y que puede darse la posibilidad de que otro usuario no act\u00fae de forma \u00e9tica, aceptando adem\u00e1s que Foundspot no tiene ning\u00fan tipo de responsabilidad sobre los da\u00f1os y perjuicios de cualquier tipo ocasionados por las conversaciones, acuerdos o cualquier otro tipo de relaci\u00f3n con las personas f\u00edsicas o jur\u00eddicas contactadas durante el uso del servicio o derivados del uso del servicio.&nbsp;<br>El usuario de Foundspot acepta que ning\u00fan directivo, empleado ni colaborador de Foundspot es responsable, directa o indirectamente, de ninguna de las maneras, de cualquier fallo, problema, retraso o interrupci\u00f3n del servicio que ofrece Foundspot o generado a ra\u00edz del servicio ofrecido en el sitio web.&nbsp;<\/p>\n","protected":false},"excerpt":{"rendered":"<p>El&nbsp;acceso de cualquier interesado a este sitio&nbsp;web&nbsp;as\u00ed como el uso de los servicios vinculados al mismo, implica que el interesado adquiere la condici\u00f3n de \u201cusuario\u201d y con dicha condici\u00f3n, una serie de derechos y obligaciones.&nbsp;Para poder hacer uso de los servicios que ofrece esta web, el usuario deber\u00e1 leer los t\u00e9rminos y condiciones de uso.&hellip;<\/p>\n","protected":false},"author":1,"featured_media":0,"parent":0,"menu_order":0,"comment_status":"closed","ping_status":"closed","template":"","meta":{"content-type":"","footnotes":""},"class_list":["post-1496","page","type-page","status-publish","hentry","description-off"],"_links":{"self":[{"href":"https:\/\/www.foundspot.com\/es\/wp-json\/wp\/v2\/pages\/1496","targetHints":{"allow":["GET"]}}],"collection":[{"href":"https:\/\/www.foundspot.com\/es\/wp-json\/wp\/v2\/pages"}],"about":[{"href":"https:\/\/www.foundspot.com\/es\/wp-json\/wp\/v2\/types\/page"}],"author":[{"embeddable":true,"href":"https:\/\/www.foundspot.com\/es\/wp-json\/wp\/v2\/users\/1"}],"replies":[{"embeddable":true,"href":"https:\/\/www.foundspot.com\/es\/wp-json\/wp\/v2\/comments?post=1496"}],"version-history":[{"count":2,"href":"https:\/\/www.foundspot.com\/es\/wp-json\/wp\/v2\/pages\/1496\/revisions"}],"predecessor-version":[{"id":2358,"href":"https:\/\/www.foundspot.com\/es\/wp-json\/wp\/v2\/pages\/1496\/revisions\/2358"}],"wp:attachment":[{"href":"https:\/\/www.foundspot.com\/es\/wp-json\/wp\/v2\/media?parent=1496"}],"curies":[{"name":"wp","href":"https:\/\/api.w.org\/{rel}","templated":true}]}}