{"id":1233,"date":"2019-02-05T13:08:25","date_gmt":"2019-02-05T13:08:25","guid":{"rendered":"http:\/\/local.foundspot.es\/corp\/es\/discover-foundspot\/"},"modified":"2023-10-26T14:06:19","modified_gmt":"2023-10-26T14:06:19","slug":"discover-foundspot","status":"publish","type":"page","link":"https:\/\/www.foundspot.com\/es\/discover-foundspot\/","title":{"rendered":"Descubre Foundspot"},"content":{"rendered":"<div class=\"wpb-content-wrapper\"><p>[vc_row full_width=\u00bbtrue\u00bb anchor=\u00bb#foundspot\u00bb][vc_column][vc_column_text css=\u00bb.vc_custom_1549976685223{margin-bottom: 0px !important;}\u00bb]<\/p>\n<h1 style=\"text-align: center;\">\u00bfQu\u00e9 es <img loading=\"lazy\" decoding=\"async\" class=\"alignnone wp-image-17\" src=\"http:\/\/www.foundspot.com\/corp\/wp-content\/uploads\/2015\/12\/foundspot-300x26.png\" alt=\"foundspot\" width=\"300\" height=\"26\" srcset=\"https:\/\/www.foundspot.com\/wp-content\/uploads\/2015\/12\/foundspot-300x26.png 300w, https:\/\/www.foundspot.com\/wp-content\/uploads\/2015\/12\/foundspot.png 400w\" sizes=\"auto, (max-width: 300px) 100vw, 300px\" \/>?<\/h1>\n<p>[\/vc_column_text][\/vc_column][\/vc_row][vc_row margin_top=\u00bb50px\u00bb margin_bottom=\u00bb50px\u00bb min_height=\u00bb50%\u00bb][vc_column width=\u00bb1\/2&#8243;][vc_empty_space height=\u00bb45px\u00bb][vc_single_image image=\u00bb576&#8243; img_size=\u00bb559*362&#8243; alignment=\u00bbcenter\u00bb][vc_empty_space height=\u00bb5px\u00bb][\/vc_column][vc_column width=\u00bb1\/2&#8243;][vc_column_text css=\u00bb.vc_custom_1560198320689{margin-top: 45px !important;}\u00bb]<\/p>\n<h3 style=\"text-align: justify;\">Everything lost can be found<\/h3>\n<p style=\"text-align: justify;\">Foundspot conecta en cualquier parte del mundo, a personas que han perdido algo, con la persona u organismo que lo ha encontrado.<\/p>\n<p>&nbsp;<\/p>\n<h3 style=\"text-align: justify;\">Foundspot est\u00e1 en ti<\/h3>\n<p style=\"text-align: justify;\">Foundspot adem\u00e1s de ser un servicio para ayudar a las personas, es una energ\u00eda que todos llevamos dentro que nos lleva a ayudar a los dem\u00e1s.<\/p>\n<p style=\"text-align: justify;\">Foundspot dona el 30% de los beneficios obtenidos a proyectos sociales de car\u00e1cter nacional e internacional.<\/p>\n<p>[\/vc_column_text][\/vc_column][\/vc_row][vc_row margin_top=\u00bb50px\u00bb margin_bottom=\u00bb50px\u00bb bg_type=\u00bbbg_color\u00bb min_height=\u00bb50%\u00bb anchor=\u00bb#how\u00bb css=\u00bb.vc_custom_1554204404759{margin-bottom: 50px !important;}\u00bb][vc_column width=\u00bb1\/2&#8243;][vc_column_text]<\/p>\n<h2 style=\"text-align: left;\">\u00bfC\u00f3mo funciona <img loading=\"lazy\" decoding=\"async\" class=\"alignnone wp-image-17\" src=\"http:\/\/www.foundspot.com\/corp\/wp-content\/uploads\/2015\/12\/foundspot-300x26.png\" alt=\"foundspot\" width=\"242\" height=\"21\" srcset=\"https:\/\/www.foundspot.com\/wp-content\/uploads\/2015\/12\/foundspot-300x26.png 300w, https:\/\/www.foundspot.com\/wp-content\/uploads\/2015\/12\/foundspot.png 400w\" sizes=\"auto, (max-width: 242px) 100vw, 242px\" \/>?<\/h2>\n<p style=\"text-align: justify;\">\u00a1Muy f\u00e1cil! Si pierdes o encuentras algo, solo tendr\u00e1s que seguir estos 4 pasos<\/p>\n<ol style=\"text-align: justify;\">\n<li><b>\u00bfQu\u00e9?<\/b> Define de la manera m\u00e1s precisa lo que has perdido o encontrado<\/li>\n<\/ol>\n<ol style=\"text-align: justify;\" start=\"2\">\n<li><b>\u00bfD\u00f3nde? <\/b>Indica una direcci\u00f3n o una zona concreta<\/li>\n<\/ol>\n<ol style=\"text-align: justify;\" start=\"3\">\n<li><b>\u00bfCu\u00e1ndo?<\/b> Cu\u00e9ntanos que d\u00eda<\/li>\n<\/ol>\n<ol style=\"text-align: justify;\" start=\"4\">\n<li><b>Datos de contacto:<\/b> Nombre, email, tel\u00e9fono&#8230; As\u00ed nos pondremos en contacto contigo<\/li>\n<\/ol>\n<p style=\"text-align: justify;\">Y&#8230;. Foundspot te indicar\u00e1 si hay alguien que ha perdido o encontrado tu objeto para ponernos en contacto.<\/p>\n<p>[\/vc_column_text][\/vc_column][vc_column width=\u00bb1\/2&#8243;]<div class=\"ult-spacer spacer-6a00808a21d34\" data-id=\"6a00808a21d34\" data-height=\"19\" data-height-mobile=\"19\" data-height-tab=\"19\" data-height-tab-portrait=\"\" data-height-mobile-landscape=\"\" style=\"clear:both;display:block;\"><\/div>[vc_single_image image=\u00bb1227&#8243; img_size=\u00bb559*314&#8243; alignment=\u00bbcenter\u00bb][\/vc_column][\/vc_row][vc_row full_width=\u00bbtrue\u00bb margin_top=\u00bb-50px\u00bb anchor=\u00bb#inicio\u00bb][vc_column width=\u00bb1\/2&#8243; css=\u00bb.vc_custom_1591698713030{margin-top: 0px !important;margin-bottom: 0px !important;border-top-width: 0px !important;border-bottom-width: 0px !important;padding-top: 0px !important;padding-bottom: 0px !important;background-color: #ffffff !important;}\u00bb][vc_column_text el_class=\u00bbapp-button app-button-lost\u00bb css=\u00bb.vc_custom_1591698977374{margin-top: 0px !important;margin-bottom: 0px !important;border-top-width: 0px !important;border-bottom-width: 0px !important;padding-top: 0px !important;padding-bottom: 0px !important;}\u00bb]<a href=\"\/plataforma\/es\/object\/lost\" target=\"_blank\" rel=\"noopener noreferrer\">HE PERDIDO<\/a>[\/vc_column_text][\/vc_column][vc_column width=\u00bb1\/2&#8243; css=\u00bb.vc_custom_1591698990852{margin-top: 0px !important;margin-bottom: 50px !important;border-top-width: 0px !important;padding-top: 0px !important;background-color: #ffffff !important;}\u00bb][vc_column_text el_class=\u00bbapp-button app-button-found\u00bb css=\u00bb.vc_custom_1591698955856{margin-top: 0px !important;margin-bottom: 0px !important;border-top-width: 0px !important;border-bottom-width: 0px !important;padding-top: 0px !important;padding-bottom: 0px !important;background-color: #a8d687 !important;}\u00bb]<a href=\"\/plataforma\/es\/object\/found\" target=\"_blank\" rel=\"noopener noreferrer\">HE ENCONTRADO<\/a>[\/vc_column_text][\/vc_column][\/vc_row][vc_row type=\u00bb1&#8243; bg_position=\u00bbcenter\u00bb bg_cover=\u00bbtrue\u00bb bg_attachment=\u00bbtrue\u00bb][vc_column]<div class=\"ult-spacer spacer-6a00808a21d9e\" data-id=\"6a00808a21d9e\" data-height=\"100\" data-height-mobile=\"100\" data-height-tab=\"100\" data-height-tab-portrait=\"\" data-height-mobile-landscape=\"\" style=\"clear:both;display:block;\"><\/div>[\/vc_column][\/vc_row][vc_row type=\u00bb1&#8243; margin_top=\u00bb-100px\u00bb bg_color=\u00bb#ffffff\u00bb bg_position=\u00bbcenter\u00bb bg_cover=\u00bbtrue\u00bb bg_attachment=\u00bbtrue\u00bb bg_type=\u00bbimage\u00bb parallax_style=\u00bbvcpb-default\u00bb bg_image_new=\u00bb219|http:\/\/www.foundspot.com\/corp\/wp-content\/uploads\/2016\/04\/A-3.-Pendiente-I.jpg\u00bb bg_image_repeat=\u00bbno-repeat\u00bb bg_override=\u00bbfull\u00bb anchor=\u00bb#sobrefoundspot\u00bb min_height=\u00bb60%\u00bb bg_image=\u00bbhttps:\/\/www.foundspot.com\/wp-content\/uploads\/2019\/06\/Disen\u0303o-sin-ti\u0301tulo.png\u00bb css=\u00bb.vc_custom_1560426950529{background-image: url(https:\/\/www.foundspot.com\/wp-content\/uploads\/2019\/04\/reloj-nueva-web.jpg?id=) !important;}\u00bb][vc_column width=\u00bb1\/2&#8243;]<div class=\"ult-spacer spacer-6a00808a21dfd\" data-id=\"6a00808a21dfd\" data-height=\"100\" data-height-mobile=\"100\" data-height-tab=\"100\" data-height-tab-portrait=\"\" data-height-mobile-landscape=\"\" style=\"clear:both;display:block;\"><\/div>[vc_tta_accordion style=\u00bbmodern\u00bb spacing=\u00bb5&#8243; gap=\u00bb5&#8243; c_align=\u00bbcenter\u00bb c_icon=\u00bbchevron\u00bb active_section=\u00bb-1&#8243; collapsible_all=\u00bbtrue\u00bb][vc_tta_section title=\u00bb\u00bfQu\u00e9 es Foundspot?\u00bb tab_id=\u00bb1560355900018-f64a50cf-69ee\u00bb][vc_column_text]<\/p>\n<p style=\"text-align: justify;\">Foundspot es una energ\u00eda que est\u00e1 en el interior de todos. Una fuerza que todos tenemos dentro y que nos lleva a ayudar a los dem\u00e1s.<\/p>\n<p>[\/vc_column_text][\/vc_tta_section][vc_tta_section title=\u00bb\u00bfQu\u00e9 hace Foundspot?\u00bb tab_id=\u00bb1560355900082-5aeef234-19a1&#8243;][vc_column_text]<\/p>\n<p style=\"text-align: justify;\">Foundspot conecta en cualquier parte del mundo, a personas que han perdido algo, con la persona u organismo que lo ha encontrado.<\/p>\n<p>[\/vc_column_text][\/vc_tta_section][vc_tta_section title=\u00bb\u00bfQui\u00e9n est\u00e1 detr\u00e1s de Foundspot?\u00bb tab_id=\u00bb1560355900152-3a9a583f-2e78&#8243;][vc_column_text]<\/p>\n<p style=\"text-align: justify;\">Detr\u00e1s de Foundspot est\u00e1n todos los que han perdido algo valioso y los que han encontrado algo y no sab\u00edan como devolverlo. Detr\u00e1s de Foundspot est\u00e1n todos los que sienten que las cosas pueden hacerse de otra manera. Detr\u00e1s de Foundspot hay un equipo humano que pone todas sus fuerzas en ayudar a sus clientes a optimizar su gesti\u00f3n de objetos perdidos. \u00a1Gracias a todos!<\/p>\n<p>[\/vc_column_text][\/vc_tta_section][vc_tta_section title=\u00bb\u00bfC\u00f3mo funciona?\u00bb tab_id=\u00bb1560355900225-3fdf5daa-afdc\u00bb][vc_column_text]<\/p>\n<p style=\"text-align: justify;\">1. Una persona registra un objeto perdido o encontrado<br \/>\n2. Nuestro software verifica si existe alguna coincidencia<br \/>\n3. Foundspot pone en contacto a qui\u00e9n ha encontrado con qui\u00e9n ha perdido algo[\/vc_column_text][\/vc_tta_section][vc_tta_section title=\u00bb\u00bfC\u00f3mo trabaja Foundspot?\u00bb tab_id=\u00bb1560355900292-8f659e4c-08f2&#8243;][vc_column_text]<\/p>\n<p style=\"text-align: justify;\">Foundspot es una plataforma global de gesti\u00f3n de objetos perdidos y vive gracias a la venta de licencias de uso de la plataforma.<br \/>\nCon los ingresos, se pagan facturas y salarios, mantenimiento del sistema y comunicaci\u00f3n.<br \/>\nAdem\u00e1s el 30% del beneficio generado anualmente, se dona a proyectos sociales de car\u00e1cter local e internacional.[\/vc_column_text][\/vc_tta_section][vc_tta_section title=\u00bbUn poco m\u00e1s sobre Foundspot&#8230;\u00bb tab_id=\u00bb1560355900361-5283ecf3-01f2&#8243;][vc_column_text]<\/p>\n<p style=\"text-align: justify;\"><strong>Misi\u00f3n:<\/strong><\/p>\n<p>Ayudar con nuestro servicio al mayor n\u00famero de personas para que puedan recuperar sus objetos o mascotas extraviadas, de forma r\u00e1pida, sencilla y autom\u00e1tica[\/vc_column_text][vc_empty_space height=\u00bb10px\u00bb][vc_column_text]<\/p>\n<p style=\"text-align: justify;\"><strong>Visi\u00f3n:<\/strong><\/p>\n<p style=\"text-align: justify;\">Imaginamos un mundo en el que Foundspot es una garant\u00eda que ayude a recuperar objetos perdidos. Foundspot es una referencia mundial poniendo en contacto a quien ha perdido con quien lo ha encontrado. Queremos seguir haciendo sonre\u00edr a las personas a trav\u00e9s de los proyectos solidarios en los que Foundspot participa.<\/p>\n<p>[\/vc_column_text][vc_empty_space height=\u00bb10px\u00bb][vc_column_text]<\/p>\n<p style=\"text-align: justify;\"><strong>Valores:<\/strong><\/p>\n<p style=\"text-align: justify;\">&#8211; \u00abCreemos en las personas\u00bb. Esta filosof\u00eda es la base de nuestra empresa<\/p>\n<p style=\"text-align: justify;\">&#8211; \u00abAyuda social como medio y como fin\u00bb. Colaboramos en proyectos nacionales e internacionales donando el 30% de los beneficios anuales<\/p>\n<p style=\"text-align: justify;\">&#8211; \u00abCoherencia con nuestros principios\u00bb Gesti\u00f3n ejemplar y transparente<\/p>\n<p>[\/vc_column_text][\/vc_tta_section][vc_tta_section title=\u00bbNuestra historia\u00bb tab_id=\u00bb1560355900601-f8ed0364-287f\u00bb][vc_column_text]<\/p>\n<p style=\"text-align: justify;\">Siempre hemos queriendo cumplir un sue\u00f1o:<br \/>\nAyudar a las personas con necesidad, ganarnos la vida y adem\u00e1s logr\u00e1ramos crear una comunidad de gente con valores s\u00f3lidos y con ganas de ser \u00fatil a otros.<br \/>\nEn 2013, naci\u00f3 Foundspot como idea. En 2015, nos lanzamos a la aventura y fue en 2017 cuando Foundspot se constituy\u00f3 como empresa. Hoy en d\u00eda, trabajamos dando servicio a diferentes aerol\u00edneas y al municipio de Alcobendas en Madrid, y m\u00e1s que est\u00e1n en camino.[\/vc_column_text][\/vc_tta_section][vc_tta_section title=\u00bbNuestra Responsabilidad Social Corporativa\u00bb tab_id=\u00bb1560355900685-c1985e3c-986a\u00bb][vc_column_text]El 30% del beneficio generado anualmente, se dona a proyectos sociales de car\u00e1cter local e internacional. Nuestras donaciones anuales, se dirigen a la <a href=\"https:\/\/www.foundspot.com\/corp\/es\/foundspot-colabora-con-la-ong-anawim-en-peru\/?fbclid=IwAR24UfWkMpnNTUerGIVIjHahYnz5rVVHfYMJLBC0EewWu3UT-1OL9ubd2Rk\">ONG Anawim en Per\u00fa<\/a>, a la <a href=\"https:\/\/www.foundspot.com\/es\/foundspot-destina-parte-de-sus-beneficios-a-la-lucha-contra-el-cancer\/\" target=\"_blank\" rel=\"noopener noreferrer\">Asociaci\u00f3n Espa\u00f1ola Contra el C\u00e1ncer<\/a>, a <a href=\"https:\/\/cienciaterapia.org\/\" target=\"_blank\" rel=\"noopener\">Cienciaterapia<\/a> y a la <a href=\"https:\/\/adepu.org\/\" target=\"_blank\" rel=\"noopener\">ONGD ADEPU<\/a>.[\/vc_column_text][\/vc_tta_section][\/vc_tta_accordion][\/vc_column][vc_column width=\u00bb1\/2&#8243; css=\u00bb.vc_custom_1464780184031{padding-top: 15px !important;padding-right: 15px !important;padding-bottom: 15px !important;padding-left: 15px !important;border-radius: 10px !important;}\u00bb][vc_row_inner css=\u00bb.vc_custom_1464781592633{padding-top: 10px !important;padding-right: 10px !important;padding-bottom: 10px !important;padding-left: 10px !important;background-color: rgba(224,224,224,0.19) !important;*background-color: rgb(224,224,224) !important;border-radius: 10px !important;}\u00bb el_class=\u00bbdonaciones_columna\u00bb][vc_column_inner]<div class=\"dt-fancy-separator h3-size style-disabled\" style=\"width: 100%;\"><div class=\"dt-fancy-title\" style=\"color: #000000;\"><span class=\"separator-holder separator-left\"><\/span>Colabora con Foundspot<span class=\"separator-holder separator-right\"><\/span><\/div><\/div>[vc_empty_space height=\u00bb10px\u00bb][vc_column_text css=\u00bb.vc_custom_1560428899335{margin-top: 10px !important;margin-right: 10px !important;margin-bottom: 10px !important;margin-left: 10px !important;border-top-width: 1px !important;border-right-width: 1px !important;border-bottom-width: 1px !important;border-left-width: 1px !important;padding-top: 15px !important;padding-right: 15px !important;padding-bottom: 15px !important;padding-left: 15px !important;background-color: rgba(214,214,214,0.01) !important;*background-color: rgb(214,214,214) !important;border-left-color: #770303 !important;border-left-style: solid !important;border-right-color: #770303 !important;border-right-style: solid !important;border-top-color: #770303 !important;border-top-style: solid !important;border-bottom-color: #770303 !important;border-bottom-style: solid !important;border-radius: 10px !important;}\u00bb]<\/p>\n<ol>\n<li style=\"text-align: justify;\"><span style=\"color: #000000;\">Es una forma de agradecer el servicio que la plataforma ofrece.<\/span><\/li>\n<li style=\"text-align: justify;\"><span style=\"color: #000000;\">Para ayudar a m\u00e1s gente a recuperar sus pertenencias perdidas.<\/span><\/li>\n<li style=\"text-align: justify;\"><span style=\"color: #000000;\">Beneficiar\u00e1s a la gente necesitada con los fondos recaudados.<\/span><\/li>\n<\/ol>\n<p>[\/vc_column_text][\/vc_column_inner][\/vc_row_inner]<div class=\"ult-spacer spacer-6a00808a21eb9\" data-id=\"6a00808a21eb9\" data-height=\"50\" data-height-mobile=\"50\" data-height-tab=\"50\" data-height-tab-portrait=\"\" data-height-mobile-landscape=\"\" style=\"clear:both;display:block;\"><\/div><div class=\" ubtn-ctn-center \"><a class=\"ubtn-link ult-adjust-bottom-margin ubtn-center ubtn-small \" href=\"\/es\/colabora\/\" title=\"Colabora\" ><button type=\"button\" id=\"ubtn-2580\"  class=\"ubtn ult-adjust-bottom-margin ult-responsive ubtn-small ubtn-fade-bg  none  ubtn-center   tooltip-6a00808a21f0d\"  data-hover=\"#ffffff\" data-border-color=\"\" data-bg=\"#5bcadd\" data-hover-bg=\"#9bd4dd\" data-border-hover=\"\" data-shadow-hover=\"\" data-shadow-click=\"none\" data-shadow=\"\" data-shd-shadow=\"\"  data-ultimate-target='#ubtn-2580'  data-responsive-json-new='{\"font-size\":\"desktop:20px;\",\"line-height\":\"\"}'  style=\"font-weight:normal;border:none;background: #5bcadd;color: #ffffff;\"><span class=\"ubtn-data ubtn-icon\"><i class=\"none\" style=\"font-size:22px;color:;\"><\/i><\/span><span class=\"ubtn-hover\" style=\"background-color:#9bd4dd\"><\/span><span class=\"ubtn-data ubtn-text \" >Colabora<\/span><\/button><\/a><\/div>[\/vc_column][\/vc_row][vc_row][vc_column]<div class=\"ult-spacer spacer-6a00808a21ff8\" data-id=\"6a00808a21ff8\" data-height=\"50\" data-height-mobile=\"50\" data-height-tab=\"50\" data-height-tab-portrait=\"\" data-height-mobile-landscape=\"\" style=\"clear:both;display:block;\"><\/div>[\/vc_column][\/vc_row][vc_row][vc_column][vc_column_text]&nbsp;<\/p>\n<h1 style=\"text-align: center;\"><img loading=\"lazy\" decoding=\"async\" class=\"alignnone wp-image-17\" src=\"http:\/\/www.foundspot.com\/corp\/wp-content\/uploads\/2015\/12\/foundspot-300x26.png\" alt=\"foundspot\" width=\"300\" height=\"26\" srcset=\"https:\/\/www.foundspot.com\/wp-content\/uploads\/2015\/12\/foundspot-300x26.png 300w, https:\/\/www.foundspot.com\/wp-content\/uploads\/2015\/12\/foundspot.png 400w\" sizes=\"auto, (max-width: 300px) 100vw, 300px\" \/>\u00a0en los medios<\/h1>\n<p>[logo-carousel id=home][\/vc_column_text][\/vc_column][\/vc_row]<\/p>\n<\/div>","protected":false},"excerpt":{"rendered":"<p>[vc_row full_width=\u00bbtrue\u00bb anchor=\u00bb#foundspot\u00bb][vc_column][vc_column_text css=\u00bb.vc_custom_1549976685223{margin-bottom: 0px !important;}\u00bb] \u00bfQu\u00e9 es ? [\/vc_column_text][\/vc_column][\/vc_row][vc_row margin_top=\u00bb50px\u00bb margin_bottom=\u00bb50px\u00bb min_height=\u00bb50%\u00bb][vc_column width=\u00bb1\/2&#8243;][vc_empty_space height=\u00bb45px\u00bb][vc_single_image image=\u00bb576&#8243; img_size=\u00bb559*362&#8243; alignment=\u00bbcenter\u00bb][vc_empty_space height=\u00bb5px\u00bb][\/vc_column][vc_column width=\u00bb1\/2&#8243;][vc_column_text css=\u00bb.vc_custom_1560198320689{margin-top: 45px !important;}\u00bb] Everything lost can be found Foundspot conecta en cualquier parte del mundo, a personas que han perdido algo, con la persona u organismo que lo ha encontrado. &nbsp; Foundspot est\u00e1 en ti&hellip;<\/p>\n","protected":false},"author":1,"featured_media":0,"parent":0,"menu_order":0,"comment_status":"closed","ping_status":"closed","template":"","meta":{"content-type":"","footnotes":""},"class_list":["post-1233","page","type-page","status-publish","hentry","description-off"],"_links":{"self":[{"href":"https:\/\/www.foundspot.com\/es\/wp-json\/wp\/v2\/pages\/1233","targetHints":{"allow":["GET"]}}],"collection":[{"href":"https:\/\/www.foundspot.com\/es\/wp-json\/wp\/v2\/pages"}],"about":[{"href":"https:\/\/www.foundspot.com\/es\/wp-json\/wp\/v2\/types\/page"}],"author":[{"embeddable":true,"href":"https:\/\/www.foundspot.com\/es\/wp-json\/wp\/v2\/users\/1"}],"replies":[{"embeddable":true,"href":"https:\/\/www.foundspot.com\/es\/wp-json\/wp\/v2\/comments?post=1233"}],"version-history":[{"count":49,"href":"https:\/\/www.foundspot.com\/es\/wp-json\/wp\/v2\/pages\/1233\/revisions"}],"predecessor-version":[{"id":3456,"href":"https:\/\/www.foundspot.com\/es\/wp-json\/wp\/v2\/pages\/1233\/revisions\/3456"}],"wp:attachment":[{"href":"https:\/\/www.foundspot.com\/es\/wp-json\/wp\/v2\/media?parent=1233"}],"curies":[{"name":"wp","href":"https:\/\/api.w.org\/{rel}","templated":true}]}}